{"id":3058,"date":"2023-02-16T07:40:20","date_gmt":"2023-02-16T07:40:20","guid":{"rendered":"https:\/\/www.ib-caddy.com\/?page_id=3058"},"modified":"2023-02-17T14:53:40","modified_gmt":"2023-02-17T14:53:40","slug":"s20230316_faro-focus-premium","status":"publish","type":"page","link":"https:\/\/www.ib-caddy.com\/en\/s20230316_faro-focus-premium\/","title":{"rendered":"s20230316_FARO Focus Premium"},"content":{"rendered":"<div data-elementor-type=\"wp-page\" data-elementor-id=\"3058\" class=\"elementor elementor-3058\" data-elementor-settings=\"{&quot;ha_cmc_init_switcher&quot;:&quot;no&quot;}\" data-elementor-post-type=\"page\">\n\t\t\t\t\t\t<section class=\"elementor-section elementor-top-section elementor-element elementor-element-f2bdf6a elementor-section-boxed elementor-section-height-default elementor-section-height-default\" data-id=\"f2bdf6a\" data-element_type=\"section\" data-e-type=\"section\" data-settings=\"{&quot;background_background&quot;:&quot;classic&quot;}\">\n\t\t\t\t\t\t<div class=\"elementor-container elementor-column-gap-no\">\n\t\t\t\t\t<div class=\"elementor-column elementor-col-100 elementor-top-column elementor-element elementor-element-945cc0b\" data-id=\"945cc0b\" data-element_type=\"column\" data-e-type=\"column\">\n\t\t\t<div class=\"elementor-widget-wrap elementor-element-populated\">\n\t\t\t\t\t<div class=\"elementor-background-overlay\"><\/div>\n\t\t\t\t\t\t<section class=\"elementor-section elementor-inner-section elementor-element elementor-element-00494ac elementor-reverse-mobile elementor-section-boxed elementor-section-height-default elementor-section-height-default\" data-id=\"00494ac\" data-element_type=\"section\" data-e-type=\"section\">\n\t\t\t\t\t\t<div class=\"elementor-container elementor-column-gap-default\">\n\t\t\t\t\t<div class=\"elementor-column elementor-col-50 elementor-inner-column elementor-element elementor-element-1124ad0\" data-id=\"1124ad0\" data-element_type=\"column\" data-e-type=\"column\">\n\t\t\t<div class=\"elementor-widget-wrap elementor-element-populated\">\n\t\t\t\t\t\t<div class=\"elementor-element elementor-element-b775854 elementor-widget elementor-widget-heading\" data-id=\"b775854\" data-element_type=\"widget\" data-e-type=\"widget\" data-widget_type=\"heading.default\">\n\t\t\t\t<div class=\"elementor-widget-container\">\n\t\t\t\t\t<h2 class=\"elementor-heading-title elementor-size-medium\">BESPLATNI SEMINAR<\/h2>\t\t\t\t<\/div>\n\t\t\t\t<\/div>\n\t\t\t\t<div class=\"elementor-element elementor-element-93a61c6 elementor-widget elementor-widget-heading\" data-id=\"93a61c6\" data-element_type=\"widget\" data-e-type=\"widget\" data-widget_type=\"heading.default\">\n\t\t\t\t<div class=\"elementor-widget-container\">\n\t\t\t\t\t<h2 class=\"elementor-heading-title elementor-size-default\">FARO Focus Premium<br>\nbudu\u0107nost 3D skeniranja<\/h2>\t\t\t\t<\/div>\n\t\t\t\t<\/div>\n\t\t\t\t\t<\/div>\n\t\t<\/div>\n\t\t\t\t<div class=\"elementor-column elementor-col-50 elementor-inner-column elementor-element elementor-element-81e15f4\" data-id=\"81e15f4\" data-element_type=\"column\" data-e-type=\"column\">\n\t\t\t<div class=\"elementor-widget-wrap elementor-element-populated\">\n\t\t\t\t\t\t<div class=\"elementor-element elementor-element-392bda5 elementor-widget elementor-widget-image\" data-id=\"392bda5\" data-element_type=\"widget\" data-e-type=\"widget\" data-widget_type=\"image.default\">\n\t\t\t\t<div class=\"elementor-widget-container\">\n\t\t\t\t\t\t\t\t\t\t\t\t\t\t\t\t<a href=\"https:\/\/www.ib-caddy.com\/\/wp-content\/uploads\/ibcaddy\/\/2023\/02\/faro-focus-premium-3d-terrestrial-scanner-1000x1000-1.jpg\" data-elementor-open-lightbox=\"yes\" data-elementor-lightbox-title=\"faro-focus-premium-3d-terrestrial-scanner-1000x1000\" data-e-action-hash=\"#elementor-action%3Aaction%3Dlightbox%26settings%3DeyJpZCI6MzEwNiwidXJsIjoiaHR0cHM6XC9cL3d3dy5pYi1jYWRkeS5jb21cL1wvd3AtY29udGVudFwvdXBsb2Fkc1wvaWJjYWRkeVwvXC8yMDIzXC8wMlwvZmFyby1mb2N1cy1wcmVtaXVtLTNkLXRlcnJlc3RyaWFsLXNjYW5uZXItMTAwMHgxMDAwLTEuanBnIn0%3D\">\n\t\t\t\t\t\t\t<img fetchpriority=\"high\" decoding=\"async\" width=\"800\" height=\"497\" src=\"https:\/\/www.ib-caddy.com\/\/wp-content\/uploads\/ibcaddy\/\/2023\/02\/faro-focus-premium-3d-terrestrial-scanner-1000x1000-1.jpg\" class=\"attachment-large size-large wp-image-3106\" alt=\"\" srcset=\"https:\/\/www.ib-caddy.com\/\/wp-content\/uploads\/ibcaddy\/2023\/02\/faro-focus-premium-3d-terrestrial-scanner-1000x1000-1.jpg 1000w, https:\/\/www.ib-caddy.com\/\/wp-content\/uploads\/ibcaddy\/2023\/02\/faro-focus-premium-3d-terrestrial-scanner-1000x1000-1-300x186.jpg 300w, https:\/\/www.ib-caddy.com\/\/wp-content\/uploads\/ibcaddy\/2023\/02\/faro-focus-premium-3d-terrestrial-scanner-1000x1000-1-768x477.jpg 768w, https:\/\/www.ib-caddy.com\/\/wp-content\/uploads\/ibcaddy\/2023\/02\/faro-focus-premium-3d-terrestrial-scanner-1000x1000-1-18x12.jpg 18w\" sizes=\"(max-width: 800px) 100vw, 800px\" \/>\t\t\t\t\t\t\t\t<\/a>\n\t\t\t\t\t\t\t\t\t\t\t\t\t\t\t<\/div>\n\t\t\t\t<\/div>\n\t\t\t\t\t<\/div>\n\t\t<\/div>\n\t\t\t\t\t<\/div>\n\t\t<\/section>\n\t\t\t\t<section class=\"elementor-section elementor-inner-section elementor-element elementor-element-7f3efb8 elementor-section-boxed elementor-section-height-default elementor-section-height-default\" data-id=\"7f3efb8\" data-element_type=\"section\" data-e-type=\"section\" data-settings=\"{&quot;background_background&quot;:&quot;classic&quot;}\">\n\t\t\t\t\t\t<div class=\"elementor-container elementor-column-gap-wide\">\n\t\t\t\t\t<div class=\"elementor-column elementor-col-50 elementor-inner-column elementor-element elementor-element-515d1c2\" data-id=\"515d1c2\" data-element_type=\"column\" data-e-type=\"column\">\n\t\t\t<div class=\"elementor-widget-wrap elementor-element-populated\">\n\t\t\t\t\t\t<div class=\"elementor-element elementor-element-39404e2 elementor-widget elementor-widget-text-editor\" data-id=\"39404e2\" data-element_type=\"widget\" data-e-type=\"widget\" data-widget_type=\"text-editor.default\">\n\t\t\t\t<div class=\"elementor-widget-container\">\n\t\t\t\t\t\t\t\t\t<p style=\"text-align: left;\"><span style=\"color: #26aae1;\"><strong>DATE: <\/strong><\/span>\u010detvrtak, 16.03.2023. u 10:00 \u010dasova<\/p><p><span style=\"color: #26aae1;\"><strong>KRAJ:<\/strong><\/span> IB-CADDY DOO, Bulevar vojvode Mi\u0161i\u0107a 14, Beograd<br \/>(Beogradski sajam, Hala 6 &#8211; Pasarela)<\/p><p><span style=\"color: #26aae1;\"><strong>DNEVNI RED:<\/strong><\/span><\/p><ul><li>O FARO i saradnji sa IB-CADDY<\/li><li>Portfolio i kori\u0161\u0107enje FARO re\u0161enja<\/li><li>Projekti 3D laserskog skeniranja (\u201eHardware and Software\u201c radni proces):<ul><li>Prezentacija 3D skenera Focus Premium<\/li><li>Radni proces (skeniranje, prenos i naknadna obrada)<\/li><li>Nove mogu\u0107nosti saradnje, FARO Sphere &amp; Stream<\/li><\/ul><\/li><li>Pitanja i odgovori<\/li><\/ul>\t\t\t\t\t\t\t\t<\/div>\n\t\t\t\t<\/div>\n\t\t\t\t\t<\/div>\n\t\t<\/div>\n\t\t\t\t<div class=\"elementor-column elementor-col-50 elementor-inner-column elementor-element elementor-element-a8568f8\" data-id=\"a8568f8\" data-element_type=\"column\" data-e-type=\"column\">\n\t\t\t<div class=\"elementor-widget-wrap elementor-element-populated\">\n\t\t\t\t\t\t<div class=\"elementor-element elementor-element-8bf78c3 elementor-widget elementor-widget-text-editor\" data-id=\"8bf78c3\" data-element_type=\"widget\" data-e-type=\"widget\" data-widget_type=\"text-editor.default\">\n\t\t\t\t<div class=\"elementor-widget-container\">\n\t\t\t\t\t\t\t\t\t<p>PRIJAVNI OBRAZAC<\/p>\t\t\t\t\t\t\t\t<\/div>\n\t\t\t\t<\/div>\n\t\t\t\t<div class=\"elementor-element elementor-element-7a3e9eb elementor-button-align-stretch elementor-widget elementor-widget-form\" data-id=\"7a3e9eb\" data-element_type=\"widget\" data-e-type=\"widget\" data-settings=\"{&quot;step_next_label&quot;:&quot;Next&quot;,&quot;step_previous_label&quot;:&quot;Previous&quot;,&quot;step_type&quot;:&quot;number_text&quot;,&quot;step_icon_shape&quot;:&quot;circle&quot;}\" data-widget_type=\"form.default\">\n\t\t\t\t<div class=\"elementor-widget-container\">\n\t\t\t\t\t\t\t<form class=\"elementor-form\" method=\"post\" id=\"s20230316\" name=\"s20230316_FARO Focus Premium\" aria-label=\"s20230316_FARO Focus Premium\" action=\"\">\n\t\t\t<input type=\"hidden\" name=\"post_id\" value=\"3058\"\/>\n\t\t\t<input type=\"hidden\" name=\"form_id\" value=\"7a3e9eb\"\/>\n\t\t\t<input type=\"hidden\" name=\"referer_title\" value=\"s20230316_FARO Focus Premium - IB-CADDY d.o.o.\" \/>\n\n\t\t\t\t\t\t\t<input type=\"hidden\" name=\"queried_id\" value=\"3058\"\/>\n\t\t\t\n\t\t\t<div class=\"elementor-form-fields-wrapper elementor-labels-above\">\n\t\t\t\t\t\t\t\t<div class=\"elementor-field-type-text elementor-field-group elementor-column elementor-field-group-name elementor-col-50 elementor-field-required\">\n\t\t\t\t\t\t\t\t\t\t\t\t\t<input size=\"1\" type=\"text\" name=\"form_fields[name]\" id=\"form-field-name\" class=\"elementor-field elementor-size-xs  elementor-field-textual\" placeholder=\"IME*\" required=\"required\">\n\t\t\t\t\t\t\t\t\t\t\t<\/div>\n\t\t\t\t\t\t\t\t<div class=\"elementor-field-type-text elementor-field-group elementor-column elementor-field-group-surname elementor-col-50 elementor-field-required\">\n\t\t\t\t\t\t\t\t\t\t\t\t\t<input size=\"1\" type=\"text\" name=\"form_fields[surname]\" id=\"form-field-surname\" class=\"elementor-field elementor-size-xs  elementor-field-textual\" placeholder=\"PREZIME*\" required=\"required\">\n\t\t\t\t\t\t\t\t\t\t\t<\/div>\n\t\t\t\t\t\t\t\t<div class=\"elementor-field-type-email elementor-field-group elementor-column elementor-field-group-email elementor-col-50 elementor-field-required\">\n\t\t\t\t\t\t\t\t\t\t\t\t\t<input size=\"1\" type=\"email\" name=\"form_fields[email]\" id=\"form-field-email\" class=\"elementor-field elementor-size-xs  elementor-field-textual\" placeholder=\"EMAIL ADRESA*\" required=\"required\">\n\t\t\t\t\t\t\t\t\t\t\t<\/div>\n\t\t\t\t\t\t\t\t<div class=\"elementor-field-type-tel elementor-field-group elementor-column elementor-field-group-tel elementor-col-50 elementor-field-required\">\n\t\t\t\t\t\t\t<input size=\"1\" type=\"tel\" name=\"form_fields[tel]\" id=\"form-field-tel\" class=\"elementor-field elementor-size-xs  elementor-field-textual\" placeholder=\"TEL. BR.*\" required=\"required\" pattern=\"[0-9()#&amp;+*-=.]+\" title=\"Only numbers and phone characters (#, -, *, etc) are accepted.\" data-no-translation-title=\"\">\n\n\t\t\t\t\t\t<\/div>\n\t\t\t\t\t\t\t\t<div class=\"elementor-field-type-text elementor-field-group elementor-column elementor-field-group-company elementor-col-100 elementor-field-required\">\n\t\t\t\t\t\t\t\t\t\t\t\t\t<input size=\"1\" type=\"text\" name=\"form_fields[company]\" id=\"form-field-company\" class=\"elementor-field elementor-size-xs  elementor-field-textual\" placeholder=\"PREDUZEC\u0301E*\" required=\"required\">\n\t\t\t\t\t\t\t\t\t\t\t<\/div>\n\t\t\t\t\t\t\t\t<div class=\"elementor-field-type-text elementor-field-group elementor-column elementor-field-group-address elementor-col-100 elementor-field-required\">\n\t\t\t\t\t\t\t\t\t\t\t\t\t<input size=\"1\" type=\"text\" name=\"form_fields[address]\" id=\"form-field-address\" class=\"elementor-field elementor-size-xs  elementor-field-textual\" placeholder=\"ADRESA*\" required=\"required\">\n\t\t\t\t\t\t\t\t\t\t\t<\/div>\n\t\t\t\t\t\t\t\t<div class=\"elementor-field-type-text elementor-field-group elementor-column elementor-field-group-zip elementor-col-50 elementor-field-required\">\n\t\t\t\t\t\t\t\t\t\t\t\t\t<input size=\"1\" type=\"text\" name=\"form_fields[zip]\" id=\"form-field-zip\" class=\"elementor-field elementor-size-xs  elementor-field-textual\" placeholder=\"PO\u0160TANSKI BR.*\" required=\"required\">\n\t\t\t\t\t\t\t\t\t\t\t<\/div>\n\t\t\t\t\t\t\t\t<div class=\"elementor-field-type-text elementor-field-group elementor-column elementor-field-group-city elementor-col-50 elementor-field-required\">\n\t\t\t\t\t\t\t\t\t\t\t\t\t<input size=\"1\" type=\"text\" name=\"form_fields[city]\" id=\"form-field-city\" class=\"elementor-field elementor-size-xs  elementor-field-textual\" placeholder=\"MESTO*\" required=\"required\">\n\t\t\t\t\t\t\t\t\t\t\t<\/div>\n\t\t\t\t\t\t\t\t<div class=\"elementor-field-type-acceptance elementor-field-group elementor-column elementor-field-group-field_e462f22 elementor-col-100 elementor-field-required\">\n\t\t\t\t\t\t\t<div class=\"elementor-field-subgroup\">\n\t\t\t<span class=\"elementor-field-option\">\n\t\t\t\t<input type=\"checkbox\" name=\"form_fields[field_e462f22]\" id=\"form-field-field_e462f22\" class=\"elementor-field elementor-size-xs  elementor-acceptance-field\" required=\"required\">\n\t\t\t\t<label for=\"form-field-field_e462f22\"><label for=\"form-field-field_e462f22\"><span style=\"font-size: 12px;\">*IB-CADDY d.o.o. koristi Va\u0161e podatke da bi ostao u kontaktu i obave\u0161tava Vas o novim proizvodima, specijalnim ponudama i doga\u0111ajima. Va\u0161i podaci su za\u0161tic\u0301eni i ne distribuiraju se trec\u0301im licima (vi\u0161e o <a href=\"https:\/\/www.ib-caddy.com\/data-security.php\" target=\"_self\"><span style=\"color: rgb(84, 172, 210);\">Sigurnost podataka<\/span><\/a>). Potvrdite da se sla\u017eete da povremeno primate promotivne imejl poruke. Imac\u0301ete moguc\u0301nost da se odjavite svaki put kada je primite.<\/span><\/label><\/span><\/label>\t\t\t<\/span>\n\t\t<\/div>\n\t\t\t\t\t\t<\/div>\n\t\t\t\t\t\t\t\t<div class=\"elementor-field-type-recaptcha_v3 elementor-field-group elementor-column elementor-field-group-field_2f20ded elementor-col-100 recaptcha_v3-inline\">\n\t\t\t\t\t<div class=\"elementor-field\" id=\"form-field-field_2f20ded\"><div class=\"elementor-g-recaptcha\" data-sitekey=\"6Lf0-qsaAAAAAK-OWHkstBs0HvuxbvxQUtv819Ku\" data-type=\"v3\" data-action=\"Form\" data-badge=\"inline\" data-size=\"invisible\"><\/div><\/div>\t\t\t\t<\/div>\n\t\t\t\t\t\t\t\t<div class=\"elementor-field-group elementor-column elementor-field-type-submit elementor-col-100 e-form__buttons\">\n\t\t\t\t\t<button class=\"elementor-button elementor-size-sm\" type=\"submit\" id=\"s20230316\">\n\t\t\t\t\t\t<span class=\"elementor-button-content-wrapper\">\n\t\t\t\t\t\t\t\t\t\t\t\t\t\t\t\t\t\t\t\t\t\t<span class=\"elementor-button-text\">PO\u0160ALJITE PRIJAVU<\/span>\n\t\t\t\t\t\t\t\t\t\t\t\t\t<\/span>\n\t\t\t\t\t<\/button>\n\t\t\t\t<\/div>\n\t\t\t<\/div>\n\t\t<input type=\"hidden\" name=\"trp-form-language\" value=\"en\"\/><\/form>\n\t\t\t\t\t\t<\/div>\n\t\t\t\t<\/div>\n\t\t\t\t<div class=\"elementor-element elementor-element-5b46ef5 elementor-widget elementor-widget-text-editor\" data-id=\"5b46ef5\" data-element_type=\"widget\" data-e-type=\"widget\" data-widget_type=\"text-editor.default\">\n\t\t\t\t<div class=\"elementor-widget-container\">\n\t\t\t\t\t\t\t\t\t<p>* OZNA\u010cENA POLJA SU OBAVEZNA<\/p>\t\t\t\t\t\t\t\t<\/div>\n\t\t\t\t<\/div>\n\t\t\t\t\t<\/div>\n\t\t<\/div>\n\t\t\t\t\t<\/div>\n\t\t<\/section>\n\t\t\t\t<div class=\"elementor-element elementor-element-048ba64 elementor-widget elementor-widget-spacer\" data-id=\"048ba64\" data-element_type=\"widget\" data-e-type=\"widget\" data-widget_type=\"spacer.default\">\n\t\t\t\t<div class=\"elementor-widget-container\">\n\t\t\t\t\t\t\t<div class=\"elementor-spacer\">\n\t\t\t<div class=\"elementor-spacer-inner\"><\/div>\n\t\t<\/div>\n\t\t\t\t\t\t<\/div>\n\t\t\t\t<\/div>\n\t\t\t\t\t<\/div>\n\t\t<\/div>\n\t\t\t\t\t<\/div>\n\t\t<\/section>\n\t\t\t\t<\/div>","protected":false},"excerpt":{"rendered":"<p>BESPLATNI SEMINAR FARO Focus Premium budu\u0107nost 3D skeniranja TERMIN: \u010detvrtak, 16.03.2023. u 10:00 \u010dasova KRAJ: IB-CADDY DOO, Bulevar vojvode Mi\u0161i\u0107a 14, Beograd(Beogradski sajam, Hala 6 &#8211; Pasarela) DNEVNI RED: O FARO i saradnji sa IB-CADDY Portfolio i kori\u0161\u0107enje FARO re\u0161enja Projekti 3D laserskog skeniranja (\u201eHardware and Software\u201c radni proces): Prezentacija 3D skenera Focus Premium Radni [&hellip;]<\/p>","protected":false},"author":5,"featured_media":0,"parent":0,"menu_order":0,"comment_status":"closed","ping_status":"closed","template":"","meta":{"footnotes":""},"class_list":["post-3058","page","type-page","status-publish","hentry"],"_links":{"self":[{"href":"https:\/\/www.ib-caddy.com\/en\/wp-json\/wp\/v2\/pages\/3058","targetHints":{"allow":["GET"]}}],"collection":[{"href":"https:\/\/www.ib-caddy.com\/en\/wp-json\/wp\/v2\/pages"}],"about":[{"href":"https:\/\/www.ib-caddy.com\/en\/wp-json\/wp\/v2\/types\/page"}],"author":[{"embeddable":true,"href":"https:\/\/www.ib-caddy.com\/en\/wp-json\/wp\/v2\/users\/5"}],"replies":[{"embeddable":true,"href":"https:\/\/www.ib-caddy.com\/en\/wp-json\/wp\/v2\/comments?post=3058"}],"version-history":[{"count":25,"href":"https:\/\/www.ib-caddy.com\/en\/wp-json\/wp\/v2\/pages\/3058\/revisions"}],"predecessor-version":[{"id":3125,"href":"https:\/\/www.ib-caddy.com\/en\/wp-json\/wp\/v2\/pages\/3058\/revisions\/3125"}],"wp:attachment":[{"href":"https:\/\/www.ib-caddy.com\/en\/wp-json\/wp\/v2\/media?parent=3058"}],"curies":[{"name":"wp","href":"https:\/\/api.w.org\/{rel}","templated":true}]}}