{"id":5790,"date":"2025-06-17T11:09:33","date_gmt":"2025-06-17T11:09:33","guid":{"rendered":"https:\/\/www.ib-caddy.com\/?page_id=5790"},"modified":"2025-06-26T06:25:11","modified_gmt":"2025-06-26T06:25:11","slug":"rjesenja-u-metrologiji-faro","status":"publish","type":"page","link":"https:\/\/www.ib-caddy.com\/hr-bih-sr-cg\/rjesenja-u-metrologiji-faro\/","title":{"rendered":"Re\u0161enja u Metrologiji FARO"},"content":{"rendered":"<div data-elementor-type=\"wp-page\" data-elementor-id=\"5790\" class=\"elementor elementor-5790\" data-elementor-settings=\"{&quot;ha_cmc_init_switcher&quot;:&quot;no&quot;}\" data-elementor-post-type=\"page\">\n\t\t\t\t\t\t<section class=\"elementor-section elementor-top-section elementor-element elementor-element-171bf61 elementor-section-boxed elementor-section-height-default elementor-section-height-default\" data-id=\"171bf61\" data-element_type=\"section\" data-e-type=\"section\" data-settings=\"{&quot;background_background&quot;:&quot;classic&quot;}\">\n\t\t\t\t\t\t<div class=\"elementor-container elementor-column-gap-no\">\n\t\t\t\t\t<div class=\"elementor-column elementor-col-100 elementor-top-column elementor-element elementor-element-4328b0b0\" data-id=\"4328b0b0\" data-element_type=\"column\" data-e-type=\"column\">\n\t\t\t<div class=\"elementor-widget-wrap elementor-element-populated\">\n\t\t\t\t\t<div class=\"elementor-background-overlay\"><\/div>\n\t\t\t\t\t\t<section class=\"elementor-section elementor-inner-section elementor-element elementor-element-3a2c2b9a elementor-reverse-mobile elementor-section-boxed elementor-section-height-default elementor-section-height-default\" data-id=\"3a2c2b9a\" data-element_type=\"section\" data-e-type=\"section\">\n\t\t\t\t\t\t<div class=\"elementor-container elementor-column-gap-default\">\n\t\t\t\t\t<div class=\"elementor-column elementor-col-50 elementor-inner-column elementor-element elementor-element-6e58b624\" data-id=\"6e58b624\" data-element_type=\"column\" data-e-type=\"column\">\n\t\t\t<div class=\"elementor-widget-wrap elementor-element-populated\">\n\t\t\t\t\t\t<div class=\"elementor-element elementor-element-d8f28bb elementor-widget elementor-widget-heading\" data-id=\"d8f28bb\" data-element_type=\"widget\" data-e-type=\"widget\" data-widget_type=\"heading.default\">\n\t\t\t\t<div class=\"elementor-widget-container\">\n\t\t\t\t\t<h2 class=\"elementor-heading-title elementor-size-medium\">BESPLATNI SEMINAR<\/h2>\t\t\t\t<\/div>\n\t\t\t\t<\/div>\n\t\t\t\t<div class=\"elementor-element elementor-element-2027fec7 elementor-widget elementor-widget-heading\" data-id=\"2027fec7\" data-element_type=\"widget\" data-e-type=\"widget\" data-widget_type=\"heading.default\">\n\t\t\t\t<div class=\"elementor-widget-container\">\n\t\t\t\t\t<h2 class=\"elementor-heading-title elementor-size-default\">Re\u0161enja u Metrologiji FARO<\/h2>\t\t\t\t<\/div>\n\t\t\t\t<\/div>\n\t\t\t\t\t<\/div>\n\t\t<\/div>\n\t\t\t\t<div class=\"elementor-column elementor-col-50 elementor-inner-column elementor-element elementor-element-f3a1a9f\" data-id=\"f3a1a9f\" data-element_type=\"column\" data-e-type=\"column\">\n\t\t\t<div class=\"elementor-widget-wrap elementor-element-populated\">\n\t\t\t\t\t\t<div class=\"elementor-element elementor-element-244d10fd elementor-widget elementor-widget-image\" data-id=\"244d10fd\" data-element_type=\"widget\" data-e-type=\"widget\" data-widget_type=\"image.default\">\n\t\t\t\t<div class=\"elementor-widget-container\">\n\t\t\t\t\t\t\t\t\t\t\t\t\t\t\t\t<a href=\"https:\/\/www.ib-caddy.com\/\/wp-content\/uploads\/ibcaddy\/\/2025\/06\/faro-metrologija-01.jpg\" data-elementor-open-lightbox=\"yes\" data-elementor-lightbox-title=\"faro metrologija-01\" data-e-action-hash=\"#elementor-action%3Aaction%3Dlightbox%26settings%3DeyJpZCI6NTg0OSwidXJsIjoiaHR0cHM6XC9cL3d3dy5pYi1jYWRkeS5jb21cL1wvd3AtY29udGVudFwvdXBsb2Fkc1wvaWJjYWRkeVwvXC8yMDI1XC8wNlwvZmFyby1tZXRyb2xvZ2lqYS0wMS5qcGcifQ%3D%3D\">\n\t\t\t\t\t\t\t<img fetchpriority=\"high\" decoding=\"async\" width=\"800\" height=\"450\" src=\"https:\/\/www.ib-caddy.com\/\/wp-content\/uploads\/ibcaddy\/\/2025\/06\/faro-metrologija-01-1024x576.jpg\" class=\"attachment-large size-large wp-image-5849\" alt=\"\" srcset=\"https:\/\/www.ib-caddy.com\/\/wp-content\/uploads\/ibcaddy\/2025\/06\/faro-metrologija-01-1024x576.jpg 1024w, https:\/\/www.ib-caddy.com\/\/wp-content\/uploads\/ibcaddy\/2025\/06\/faro-metrologija-01-300x169.jpg 300w, https:\/\/www.ib-caddy.com\/\/wp-content\/uploads\/ibcaddy\/2025\/06\/faro-metrologija-01-768x432.jpg 768w, https:\/\/www.ib-caddy.com\/\/wp-content\/uploads\/ibcaddy\/2025\/06\/faro-metrologija-01-1536x864.jpg 1536w, https:\/\/www.ib-caddy.com\/\/wp-content\/uploads\/ibcaddy\/2025\/06\/faro-metrologija-01-18x10.jpg 18w, https:\/\/www.ib-caddy.com\/\/wp-content\/uploads\/ibcaddy\/2025\/06\/faro-metrologija-01.jpg 1920w\" sizes=\"(max-width: 800px) 100vw, 800px\" \/>\t\t\t\t\t\t\t\t<\/a>\n\t\t\t\t\t\t\t\t\t\t\t\t\t\t\t<\/div>\n\t\t\t\t<\/div>\n\t\t\t\t\t<\/div>\n\t\t<\/div>\n\t\t\t\t\t<\/div>\n\t\t<\/section>\n\t\t\t\t<section class=\"elementor-section elementor-inner-section elementor-element elementor-element-92a6df6 elementor-section-boxed elementor-section-height-default elementor-section-height-default\" data-id=\"92a6df6\" data-element_type=\"section\" data-e-type=\"section\" data-settings=\"{&quot;background_background&quot;:&quot;classic&quot;}\">\n\t\t\t\t\t\t<div class=\"elementor-container elementor-column-gap-wide\">\n\t\t\t\t\t<div class=\"elementor-column elementor-col-50 elementor-inner-column elementor-element elementor-element-d140f43\" data-id=\"d140f43\" data-element_type=\"column\" data-e-type=\"column\">\n\t\t\t<div class=\"elementor-widget-wrap elementor-element-populated\">\n\t\t\t\t\t\t<div class=\"elementor-element elementor-element-4b0fd164 elementor-widget elementor-widget-text-editor\" data-id=\"4b0fd164\" data-element_type=\"widget\" data-e-type=\"widget\" data-widget_type=\"text-editor.default\">\n\t\t\t\t<div class=\"elementor-widget-container\">\n\t\t\t\t\t\t\t\t\t<p style=\"text-align: left;\"><span style=\"color: #26aae1;\"><strong>TERMIN: <\/strong><\/span>Petak, 11.07.2025. godine, u 9:00 \u010dasova<\/p><p><span style=\"color: #26aae1;\"><strong>LOKACIJA:<\/strong><\/span> HOTEL M, Bulevar oslobo\u0111enja 56a, Beograd, Srbija<\/p><p><span style=\"color: #26aae1;\"><strong>DNEVNI RED:<\/strong><\/span><\/p><ul><li>Uvod \u2013 savremena mobilna metrolo\u0161ka re\u0161enja<\/li><li>FARO Quantum Max FaroArm mobilna merna ruka (mobilni CMM)<\/li><li>FARO Vantage Max Laser Tracker sa dodatkom\u00a06 DoF Probe<\/li><li>FARO Leap ST mobilni laserski 3D skener<\/li><li>FARO Focus Premium laserski 3D skener sa onlajn menad\u017eerom podataka skeniranja (FARO Stream i FARO Sphere XG)<\/li><li>CAM2 i PolyWorks Inspector metrolo\u0161ki softveri<\/li><li>Prakti\u010dna demonstracija:<\/li><\/ul><ul><li style=\"list-style-type: none;\"><ul><li>Prikaz merenja sa FARO Quantum FaroArm mernom rukom<\/li><li>Prikaz merenja sa FARO Vantage Laser Tracker sa dodatkom\u00a06 DoF Probe<\/li><li>Prikaz upotrebe FARO Super 6DoF TrackArm sistema<\/li><li>Prikaz upotrebe mobilnog laserskog 3D skenera FARO Leap ST<\/li><li>Prikaz upotrebe FARO Focus Premium<\/li><\/ul><\/li><li>Izrada izve\u0161taja u CAM2 i PolyWorks Inspector<\/li><\/ul><ul><li>Pitanja i odgovori<\/li><\/ul><div>\u00a0<\/div><p>Proizvod:\u00a0 <a href=\"https:\/\/faro.ib-caddy.com\/sl\/\"><img decoding=\"async\" class=\"alignnone wp-image-114\" src=\"https:\/\/www.ib-caddy.com\/\/wp-content\/uploads\/ibcaddy\/\/2021\/05\/faro-e1622459755133.png\" alt=\"\" width=\"112\" height=\"29\" \/><\/a><\/p>\t\t\t\t\t\t\t\t<\/div>\n\t\t\t\t<\/div>\n\t\t\t\t\t<\/div>\n\t\t<\/div>\n\t\t\t\t<div class=\"elementor-column elementor-col-50 elementor-inner-column elementor-element elementor-element-52f31354\" data-id=\"52f31354\" data-element_type=\"column\" data-e-type=\"column\">\n\t\t\t<div class=\"elementor-widget-wrap elementor-element-populated\">\n\t\t\t\t\t\t<div class=\"elementor-element elementor-element-63bde853 elementor-widget elementor-widget-text-editor\" data-id=\"63bde853\" data-element_type=\"widget\" data-e-type=\"widget\" data-widget_type=\"text-editor.default\">\n\t\t\t\t<div class=\"elementor-widget-container\">\n\t\t\t\t\t\t\t\t\t<p>PRIJAVNI OBRAZAC<\/p>\t\t\t\t\t\t\t\t<\/div>\n\t\t\t\t<\/div>\n\t\t\t\t<div class=\"elementor-element elementor-element-6222b11d elementor-button-align-stretch elementor-widget elementor-widget-form\" data-id=\"6222b11d\" data-element_type=\"widget\" data-e-type=\"widget\" data-settings=\"{&quot;step_next_label&quot;:&quot;Next&quot;,&quot;step_previous_label&quot;:&quot;Previous&quot;,&quot;step_type&quot;:&quot;number_text&quot;,&quot;step_icon_shape&quot;:&quot;circle&quot;}\" data-widget_type=\"form.default\">\n\t\t\t\t<div class=\"elementor-widget-container\">\n\t\t\t\t\t\t\t<form class=\"elementor-form\" method=\"post\" id=\"s20250711_faro_metr_beog\" name=\"s20250711_faro_metr_beog\" aria-label=\"s20250711_faro_metr_beog\" action=\"\">\n\t\t\t<input type=\"hidden\" name=\"post_id\" value=\"5790\"\/>\n\t\t\t<input type=\"hidden\" name=\"form_id\" value=\"6222b11d\"\/>\n\t\t\t<input type=\"hidden\" name=\"referer_title\" value=\"Re\u0161enja u Metrologiji FARO - IB-CADDY d.o.o.\" \/>\n\n\t\t\t\t\t\t\t<input type=\"hidden\" name=\"queried_id\" value=\"5790\"\/>\n\t\t\t\n\t\t\t<div class=\"elementor-form-fields-wrapper elementor-labels-above\">\n\t\t\t\t\t\t\t\t<div class=\"elementor-field-type-checkbox elementor-field-group elementor-column elementor-field-group-seminar elementor-col-100\">\n\t\t\t\t\t\t\t\t\t\t\t\t<label for=\"form-field-seminar\" class=\"elementor-field-label\">\n\t\t\t\t\t\t\t\tSeminar:\t\t\t\t\t\t\t<\/label>\n\t\t\t\t\t\t<div class=\"elementor-field-subgroup\"><span class=\"elementor-field-option\"><input type=\"checkbox\" value=\"Re\u0161enja u Metrologiji FARO (u 9:00 \u010dasova)\" id=\"form-field-seminar-0\" name=\"form_fields[seminar][]\"> <label for=\"form-field-seminar-0\">Re\u0161enja u Metrologiji FARO (u 9:00 \u010dasova)<\/label><\/span><span class=\"elementor-field-option\"><input type=\"checkbox\" value=\"Re\u0161enja za 3D-skeniranje FARO (u 11:00 \u010dasova; vi\u0161e o &lt;a href=&quot;https:\/\/www.ib-caddy.com\/sl\/rjesenja-za-3d-skeniranje-faro\/&quot; target=&quot;_blank&quot;&gt;SEMINARU&lt;\/a&gt;)\" id=\"form-field-seminar-1\" name=\"form_fields[seminar][]\"> <label for=\"form-field-seminar-1\">Re\u0161enja za 3D-skeniranje FARO (u 11:00 \u010dasova; vi\u0161e o <a href=\"https:\/\/www.ib-caddy.com\/sl\/rjesenja-za-3d-skeniranje-faro\/\" target=\"_blank\">SEMINARU<\/a>)<\/label><\/span><\/div>\t\t\t\t<\/div>\n\t\t\t\t\t\t\t\t<div class=\"elementor-field-type-text elementor-field-group elementor-column elementor-field-group-name elementor-col-50 elementor-field-required\">\n\t\t\t\t\t\t\t\t\t\t\t\t\t<input size=\"1\" type=\"text\" name=\"form_fields[name]\" id=\"form-field-name\" class=\"elementor-field elementor-size-xs  elementor-field-textual\" placeholder=\"IME*\" required=\"required\">\n\t\t\t\t\t\t\t\t\t\t\t<\/div>\n\t\t\t\t\t\t\t\t<div class=\"elementor-field-type-text elementor-field-group elementor-column elementor-field-group-surname elementor-col-50 elementor-field-required\">\n\t\t\t\t\t\t\t\t\t\t\t\t\t<input size=\"1\" type=\"text\" name=\"form_fields[surname]\" id=\"form-field-surname\" class=\"elementor-field elementor-size-xs  elementor-field-textual\" placeholder=\"PREZIME*\" required=\"required\">\n\t\t\t\t\t\t\t\t\t\t\t<\/div>\n\t\t\t\t\t\t\t\t<div class=\"elementor-field-type-email elementor-field-group elementor-column elementor-field-group-email elementor-col-50 elementor-field-required\">\n\t\t\t\t\t\t\t\t\t\t\t\t\t<input size=\"1\" type=\"email\" name=\"form_fields[email]\" id=\"form-field-email\" class=\"elementor-field elementor-size-xs  elementor-field-textual\" placeholder=\"IMEJL ADRESA*\" required=\"required\">\n\t\t\t\t\t\t\t\t\t\t\t<\/div>\n\t\t\t\t\t\t\t\t<div class=\"elementor-field-type-text elementor-field-group elementor-column elementor-field-group-tel elementor-col-50 elementor-field-required\">\n\t\t\t\t\t\t\t\t\t\t\t\t\t<input size=\"1\" type=\"text\" name=\"form_fields[tel]\" id=\"form-field-tel\" class=\"elementor-field elementor-size-xs  elementor-field-textual\" placeholder=\"TELEFONSKI BROJ*\" required=\"required\">\n\t\t\t\t\t\t\t\t\t\t\t<\/div>\n\t\t\t\t\t\t\t\t<div class=\"elementor-field-type-text elementor-field-group elementor-column elementor-field-group-company elementor-col-100 elementor-field-required\">\n\t\t\t\t\t\t\t\t\t\t\t\t\t<input size=\"1\" type=\"text\" name=\"form_fields[company]\" id=\"form-field-company\" class=\"elementor-field elementor-size-xs  elementor-field-textual\" placeholder=\"FIRMA*\" required=\"required\">\n\t\t\t\t\t\t\t\t\t\t\t<\/div>\n\t\t\t\t\t\t\t\t<div class=\"elementor-field-type-text elementor-field-group elementor-column elementor-field-group-address elementor-col-100 elementor-field-required\">\n\t\t\t\t\t\t\t\t\t\t\t\t\t<input size=\"1\" type=\"text\" name=\"form_fields[address]\" id=\"form-field-address\" class=\"elementor-field elementor-size-xs  elementor-field-textual\" placeholder=\"ADRESA*\" required=\"required\">\n\t\t\t\t\t\t\t\t\t\t\t<\/div>\n\t\t\t\t\t\t\t\t<div class=\"elementor-field-type-text elementor-field-group elementor-column elementor-field-group-zip elementor-col-50 elementor-field-required\">\n\t\t\t\t\t\t\t\t\t\t\t\t\t<input size=\"1\" type=\"text\" name=\"form_fields[zip]\" id=\"form-field-zip\" class=\"elementor-field elementor-size-xs  elementor-field-textual\" placeholder=\"PO\u0160TANSKI BROJ*\" required=\"required\">\n\t\t\t\t\t\t\t\t\t\t\t<\/div>\n\t\t\t\t\t\t\t\t<div class=\"elementor-field-type-text elementor-field-group elementor-column elementor-field-group-city elementor-col-50 elementor-field-required\">\n\t\t\t\t\t\t\t\t\t\t\t\t\t<input size=\"1\" type=\"text\" name=\"form_fields[city]\" id=\"form-field-city\" class=\"elementor-field elementor-size-xs  elementor-field-textual\" placeholder=\"MESTO*\" required=\"required\">\n\t\t\t\t\t\t\t\t\t\t\t<\/div>\n\t\t\t\t\t\t\t\t<div class=\"elementor-field-type-acceptance elementor-field-group elementor-column elementor-field-group-field_e462f22 elementor-col-100 elementor-field-required\">\n\t\t\t\t\t\t\t<div class=\"elementor-field-subgroup\">\n\t\t\t<span class=\"elementor-field-option\">\n\t\t\t\t<input type=\"checkbox\" name=\"form_fields[field_e462f22]\" id=\"form-field-field_e462f22\" class=\"elementor-field elementor-size-xs  elementor-acceptance-field\" required=\"required\">\n\t\t\t\t<label for=\"form-field-field_e462f22\"><label for=\"form-field-field_e462f22\"><span style=\"font-size: 12px;\">*IB-CADDY d.o.o. koristi Va\u0161e podatke da bi ostao u kontaktu i obave\u0161tavao Vas o novim proizvodima, specijalnim ponudama i doga\u0111ajima. Va\u0161i podaci su za\u0161tic\u0301eni i ne distribuiraju se trec\u0301im licima  (vi\u0161e o <a href=\"https:\/\/www.ib-caddy.com\/data-security.php\" target=\"_self\"><span style=\"color: rgb(84, 172, 210);\">Sigurnost podataka<\/span><\/a>). Potvrdite da se sla\u017eete da povremeno primate promotivne imejl poruke. Imac\u0301ete moguc\u0301nost da se odjavite svaki put kada je primite.<\/span><\/label><\/span><\/label>\t\t\t<\/span>\n\t\t<\/div>\n\t\t\t\t\t\t<\/div>\n\t\t\t\t\t\t\t\t<div class=\"elementor-field-type-recaptcha_v3 elementor-field-group elementor-column elementor-field-group-field_2f20ded elementor-col-100 recaptcha_v3-inline\">\n\t\t\t\t\t<div class=\"elementor-field\" id=\"form-field-field_2f20ded\"><div class=\"elementor-g-recaptcha\" data-sitekey=\"6Lf0-qsaAAAAAK-OWHkstBs0HvuxbvxQUtv819Ku\" data-type=\"v3\" data-action=\"Form\" data-badge=\"inline\" data-size=\"invisible\"><\/div><\/div>\t\t\t\t<\/div>\n\t\t\t\t\t\t\t\t<div class=\"elementor-field-group elementor-column elementor-field-type-submit elementor-col-100 e-form__buttons\">\n\t\t\t\t\t<button class=\"elementor-button elementor-size-sm\" type=\"submit\">\n\t\t\t\t\t\t<span class=\"elementor-button-content-wrapper\">\n\t\t\t\t\t\t\t\t\t\t\t\t\t\t\t\t\t\t\t\t\t\t<span class=\"elementor-button-text\">PO\u0160ALJITE PRIJAVU<\/span>\n\t\t\t\t\t\t\t\t\t\t\t\t\t<\/span>\n\t\t\t\t\t<\/button>\n\t\t\t\t<\/div>\n\t\t\t<\/div>\n\t\t<input type=\"hidden\" name=\"trp-form-language\" value=\"hr-bih-sr-cg\"\/><\/form>\n\t\t\t\t\t\t<\/div>\n\t\t\t\t<\/div>\n\t\t\t\t<div class=\"elementor-element elementor-element-5369ed28 elementor-widget elementor-widget-text-editor\" data-id=\"5369ed28\" data-element_type=\"widget\" data-e-type=\"widget\" data-widget_type=\"text-editor.default\">\n\t\t\t\t<div class=\"elementor-widget-container\">\n\t\t\t\t\t\t\t\t\t<p>* OZNA\u010cENA POLJA SU OBAVEZNA<\/p>\t\t\t\t\t\t\t\t<\/div>\n\t\t\t\t<\/div>\n\t\t\t\t\t<\/div>\n\t\t<\/div>\n\t\t\t\t\t<\/div>\n\t\t<\/section>\n\t\t\t\t<div class=\"elementor-element elementor-element-56f13e54 elementor-widget elementor-widget-spacer\" data-id=\"56f13e54\" data-element_type=\"widget\" data-e-type=\"widget\" data-widget_type=\"spacer.default\">\n\t\t\t\t<div class=\"elementor-widget-container\">\n\t\t\t\t\t\t\t<div class=\"elementor-spacer\">\n\t\t\t<div class=\"elementor-spacer-inner\"><\/div>\n\t\t<\/div>\n\t\t\t\t\t\t<\/div>\n\t\t\t\t<\/div>\n\t\t\t\t\t<\/div>\n\t\t<\/div>\n\t\t\t\t\t<\/div>\n\t\t<\/section>\n\t\t\t\t<\/div>","protected":false},"excerpt":{"rendered":"<p>BESPLATNI SEMINAR Re\u0161enja u Metrologiji FARO TERMIN: Petak, 11.07.2025 u 9:00 \u010dasova LOKACIJA: HOTEL M, Bulevar oslobo\u0111enja 56a, Beograd, Srbija DNEVNI RED: Uvod &#8211; savremena mobilna metrolo\u0161ka re\u0161enja FARO Quantum Max FaroArm mobilna merna ruka (mobilni CMM) FARO Vantage Max Laser Tracker sa dodatkom\u00a06 DoF Probe FARO Leap ST mobilni laserski 3D skener FARO Focus [&hellip;]<\/p>","protected":false},"author":12,"featured_media":0,"parent":0,"menu_order":0,"comment_status":"closed","ping_status":"closed","template":"","meta":{"footnotes":""},"class_list":["post-5790","page","type-page","status-publish","hentry"],"_links":{"self":[{"href":"https:\/\/www.ib-caddy.com\/hr-bih-sr-cg\/wp-json\/wp\/v2\/pages\/5790","targetHints":{"allow":["GET"]}}],"collection":[{"href":"https:\/\/www.ib-caddy.com\/hr-bih-sr-cg\/wp-json\/wp\/v2\/pages"}],"about":[{"href":"https:\/\/www.ib-caddy.com\/hr-bih-sr-cg\/wp-json\/wp\/v2\/types\/page"}],"author":[{"embeddable":true,"href":"https:\/\/www.ib-caddy.com\/hr-bih-sr-cg\/wp-json\/wp\/v2\/users\/12"}],"replies":[{"embeddable":true,"href":"https:\/\/www.ib-caddy.com\/hr-bih-sr-cg\/wp-json\/wp\/v2\/comments?post=5790"}],"version-history":[{"count":35,"href":"https:\/\/www.ib-caddy.com\/hr-bih-sr-cg\/wp-json\/wp\/v2\/pages\/5790\/revisions"}],"predecessor-version":[{"id":5853,"href":"https:\/\/www.ib-caddy.com\/hr-bih-sr-cg\/wp-json\/wp\/v2\/pages\/5790\/revisions\/5853"}],"wp:attachment":[{"href":"https:\/\/www.ib-caddy.com\/hr-bih-sr-cg\/wp-json\/wp\/v2\/media?parent=5790"}],"curies":[{"name":"wp","href":"https:\/\/api.w.org\/{rel}","templated":true}]}}