{"id":3090,"date":"2023-02-17T11:39:10","date_gmt":"2023-02-17T11:39:10","guid":{"rendered":"https:\/\/www.ib-caddy.com\/?page_id=3090"},"modified":"2023-02-17T12:13:55","modified_gmt":"2023-02-17T12:13:55","slug":"s20230302_faro-metrologija","status":"publish","type":"page","link":"https:\/\/www.ib-caddy.com\/sl\/s20230302_faro-metrologija\/","title":{"rendered":"s20230302_FARO METROLOGIJA"},"content":{"rendered":"\t\t<div data-elementor-type=\"wp-page\" data-elementor-id=\"3090\" class=\"elementor elementor-3090\" data-elementor-settings=\"{&quot;ha_cmc_init_switcher&quot;:&quot;no&quot;}\" data-elementor-post-type=\"page\">\n\t\t\t\t\t\t<section class=\"elementor-section elementor-top-section elementor-element elementor-element-95a8e94 elementor-section-boxed elementor-section-height-default elementor-section-height-default\" data-id=\"95a8e94\" data-element_type=\"section\" data-e-type=\"section\" data-settings=\"{&quot;background_background&quot;:&quot;classic&quot;}\">\n\t\t\t\t\t\t<div class=\"elementor-container elementor-column-gap-no\">\n\t\t\t\t\t<div class=\"elementor-column elementor-col-100 elementor-top-column elementor-element elementor-element-8f1a2a0\" data-id=\"8f1a2a0\" data-element_type=\"column\" data-e-type=\"column\">\n\t\t\t<div class=\"elementor-widget-wrap elementor-element-populated\">\n\t\t\t\t\t<div class=\"elementor-background-overlay\"><\/div>\n\t\t\t\t\t\t<section class=\"elementor-section elementor-inner-section elementor-element elementor-element-8e58452 elementor-reverse-mobile elementor-section-boxed elementor-section-height-default elementor-section-height-default\" data-id=\"8e58452\" data-element_type=\"section\" data-e-type=\"section\">\n\t\t\t\t\t\t<div class=\"elementor-container elementor-column-gap-default\">\n\t\t\t\t\t<div class=\"elementor-column elementor-col-50 elementor-inner-column elementor-element elementor-element-7f8876f\" data-id=\"7f8876f\" data-element_type=\"column\" data-e-type=\"column\">\n\t\t\t<div class=\"elementor-widget-wrap elementor-element-populated\">\n\t\t\t\t\t\t<div class=\"elementor-element elementor-element-59ad5f5 elementor-widget elementor-widget-heading\" data-id=\"59ad5f5\" data-element_type=\"widget\" data-e-type=\"widget\" data-widget_type=\"heading.default\">\n\t\t\t\t<div class=\"elementor-widget-container\">\n\t\t\t\t\t<h2 class=\"elementor-heading-title elementor-size-medium\">BREZPLA\u010cNI SEMINAR<\/h2>\t\t\t\t<\/div>\n\t\t\t\t<\/div>\n\t\t\t\t<div class=\"elementor-element elementor-element-22c6360 elementor-widget elementor-widget-heading\" data-id=\"22c6360\" data-element_type=\"widget\" data-e-type=\"widget\" data-widget_type=\"heading.default\">\n\t\t\t\t<div class=\"elementor-widget-container\">\n\t\t\t\t\t<h2 class=\"elementor-heading-title elementor-size-default\">FARO METROLOGIJA<\/h2>\t\t\t\t<\/div>\n\t\t\t\t<\/div>\n\t\t\t\t\t<\/div>\n\t\t<\/div>\n\t\t\t\t<div class=\"elementor-column elementor-col-50 elementor-inner-column elementor-element elementor-element-848c73f\" data-id=\"848c73f\" data-element_type=\"column\" data-e-type=\"column\">\n\t\t\t<div class=\"elementor-widget-wrap elementor-element-populated\">\n\t\t\t\t\t\t<div class=\"elementor-element elementor-element-797b4fb elementor-widget elementor-widget-image\" data-id=\"797b4fb\" data-element_type=\"widget\" data-e-type=\"widget\" data-widget_type=\"image.default\">\n\t\t\t\t<div class=\"elementor-widget-container\">\n\t\t\t\t\t\t\t\t\t\t\t\t\t\t\t\t<a href=\"https:\/\/www.ib-caddy.com\/\/wp-content\/uploads\/ibcaddy\/\/2023\/02\/faro-metrologija-kamnik-20230302-fb-1920x1080-1.jpg\" data-elementor-open-lightbox=\"yes\" data-elementor-lightbox-title=\"faro-metrologija-kamnik-20230302-fb-1920x1080\" data-e-action-hash=\"#elementor-action%3Aaction%3Dlightbox%26settings%3DeyJpZCI6MzAxMiwidXJsIjoiaHR0cHM6XC9cL3d3dy5pYi1jYWRkeS5jb21cL1wvd3AtY29udGVudFwvdXBsb2Fkc1wvaWJjYWRkeVwvXC8yMDIzXC8wMlwvZmFyby1tZXRyb2xvZ2lqYS1rYW1uaWstMjAyMzAzMDItZmItMTkyMHgxMDgwLTEuanBnIn0%3D\">\n\t\t\t\t\t\t\t<img fetchpriority=\"high\" decoding=\"async\" width=\"800\" height=\"450\" src=\"https:\/\/www.ib-caddy.com\/\/wp-content\/uploads\/ibcaddy\/\/2023\/02\/faro-metrologija-kamnik-20230302-fb-1920x1080-1-1024x576.jpg\" class=\"attachment-large size-large wp-image-3012\" alt=\"\" srcset=\"https:\/\/www.ib-caddy.com\/\/wp-content\/uploads\/ibcaddy\/2023\/02\/faro-metrologija-kamnik-20230302-fb-1920x1080-1-1024x576.jpg 1024w, https:\/\/www.ib-caddy.com\/\/wp-content\/uploads\/ibcaddy\/2023\/02\/faro-metrologija-kamnik-20230302-fb-1920x1080-1-300x169.jpg 300w, https:\/\/www.ib-caddy.com\/\/wp-content\/uploads\/ibcaddy\/2023\/02\/faro-metrologija-kamnik-20230302-fb-1920x1080-1-768x432.jpg 768w, https:\/\/www.ib-caddy.com\/\/wp-content\/uploads\/ibcaddy\/2023\/02\/faro-metrologija-kamnik-20230302-fb-1920x1080-1-1536x864.jpg 1536w, https:\/\/www.ib-caddy.com\/\/wp-content\/uploads\/ibcaddy\/2023\/02\/faro-metrologija-kamnik-20230302-fb-1920x1080-1-16x9.jpg 16w, https:\/\/www.ib-caddy.com\/\/wp-content\/uploads\/ibcaddy\/2023\/02\/faro-metrologija-kamnik-20230302-fb-1920x1080-1.jpg 1920w\" sizes=\"(max-width: 800px) 100vw, 800px\" \/>\t\t\t\t\t\t\t\t<\/a>\n\t\t\t\t\t\t\t\t\t\t\t\t\t\t\t<\/div>\n\t\t\t\t<\/div>\n\t\t\t\t\t<\/div>\n\t\t<\/div>\n\t\t\t\t\t<\/div>\n\t\t<\/section>\n\t\t\t\t<section class=\"elementor-section elementor-inner-section elementor-element elementor-element-f582fc1 elementor-section-boxed elementor-section-height-default elementor-section-height-default\" data-id=\"f582fc1\" data-element_type=\"section\" data-e-type=\"section\" data-settings=\"{&quot;background_background&quot;:&quot;classic&quot;}\">\n\t\t\t\t\t\t<div class=\"elementor-container elementor-column-gap-wide\">\n\t\t\t\t\t<div class=\"elementor-column elementor-col-50 elementor-inner-column elementor-element elementor-element-a473365\" data-id=\"a473365\" data-element_type=\"column\" data-e-type=\"column\">\n\t\t\t<div class=\"elementor-widget-wrap elementor-element-populated\">\n\t\t\t\t\t\t<div class=\"elementor-element elementor-element-fbd9dd5 elementor-widget elementor-widget-text-editor\" data-id=\"fbd9dd5\" data-element_type=\"widget\" data-e-type=\"widget\" data-widget_type=\"text-editor.default\">\n\t\t\t\t<div class=\"elementor-widget-container\">\n\t\t\t\t\t\t\t\t\t<p style=\"text-align: left;\"><span style=\"color: #26aae1;\"><strong>TERMIN: <\/strong><\/span>\u010cetrtek, 02.03.2023 ob 9:00 uri<\/p><p><span style=\"color: #26aae1;\"><strong>KRAJ:<\/strong><\/span> IB-CADDY ITC, Kovinarska cesta 28, Kamnik<\/p><p><span style=\"color: #26aae1;\"><strong>DNEVNI RED:<\/strong><\/span><\/p><ul><li>Uvod \u2013 sodobne mobilne metrolo\u0161ke re\u0161itve<\/li><li>Mobilna merilna roka FARO Quantum Max FaroArm (mobilni CMM)\u00a0<\/li><li>Laserski sledilnik FARO Vantage Max Laser Tracker z dodatkom<br \/>6 DoF Probe<\/li><li>Laserski 3D skener FARO Focus Premium s spletnim upravljalcem podatkov skeniranja (FARO Stream in FARO Sphere)<\/li><li>Metrolo\u0161ki software PolyWorks Inspector<\/li><\/ul><p>\u00a0<\/p><ul><li>Prikaz merjenja s FARO Quantum FaroArm merilno roko<\/li><li>Prikaz merjenja z laserskim sledilnikom FARO Vantage Laser Tracker z dodatkom 6 DoF Probe<\/li><li>Prikaz uporabe sistema FARO Super 6DoF TrackArm<\/li><li>Prikaz uporabe FARO Focus Premium<\/li><li>Izdelava poro\u010dila v PolyWorks Inspector-ju<\/li><li>Vpra\u0161anja in odgovori<\/li><\/ul>\t\t\t\t\t\t\t\t<\/div>\n\t\t\t\t<\/div>\n\t\t\t\t\t<\/div>\n\t\t<\/div>\n\t\t\t\t<div class=\"elementor-column elementor-col-50 elementor-inner-column elementor-element elementor-element-1a9ab88\" data-id=\"1a9ab88\" data-element_type=\"column\" data-e-type=\"column\">\n\t\t\t<div class=\"elementor-widget-wrap elementor-element-populated\">\n\t\t\t\t\t\t<div class=\"elementor-element elementor-element-2680df8 elementor-widget elementor-widget-text-editor\" data-id=\"2680df8\" data-element_type=\"widget\" data-e-type=\"widget\" data-widget_type=\"text-editor.default\">\n\t\t\t\t<div class=\"elementor-widget-container\">\n\t\t\t\t\t\t\t\t\t<p>PRIJAVNI OBRAZEC<\/p>\t\t\t\t\t\t\t\t<\/div>\n\t\t\t\t<\/div>\n\t\t\t\t<div class=\"elementor-element elementor-element-2231943 elementor-button-align-stretch elementor-widget elementor-widget-form\" data-id=\"2231943\" data-element_type=\"widget\" data-e-type=\"widget\" data-settings=\"{&quot;step_next_label&quot;:&quot;Next&quot;,&quot;step_previous_label&quot;:&quot;Previous&quot;,&quot;step_type&quot;:&quot;number_text&quot;,&quot;step_icon_shape&quot;:&quot;circle&quot;}\" data-widget_type=\"form.default\">\n\t\t\t\t<div class=\"elementor-widget-container\">\n\t\t\t\t\t\t\t<form class=\"elementor-form\" method=\"post\" id=\"s20230302\" name=\"s20230302_FARO METROLOGIJA\" aria-label=\"s20230302_FARO METROLOGIJA\">\n\t\t\t<input type=\"hidden\" name=\"post_id\" value=\"3090\"\/>\n\t\t\t<input type=\"hidden\" name=\"form_id\" value=\"2231943\"\/>\n\t\t\t<input type=\"hidden\" name=\"referer_title\" value=\"s20230302_FARO METROLOGIJA - IB-CADDY d.o.o.\" \/>\n\n\t\t\t\t\t\t\t<input type=\"hidden\" name=\"queried_id\" value=\"3090\"\/>\n\t\t\t\n\t\t\t<div class=\"elementor-form-fields-wrapper elementor-labels-above\">\n\t\t\t\t\t\t\t\t<div class=\"elementor-field-type-text elementor-field-group elementor-column elementor-field-group-name elementor-col-50 elementor-field-required\">\n\t\t\t\t\t\t\t\t\t\t\t\t\t<input size=\"1\" type=\"text\" name=\"form_fields[name]\" id=\"form-field-name\" class=\"elementor-field elementor-size-xs  elementor-field-textual\" placeholder=\"IME*\" required=\"required\">\n\t\t\t\t\t\t\t\t\t\t\t<\/div>\n\t\t\t\t\t\t\t\t<div class=\"elementor-field-type-text elementor-field-group elementor-column elementor-field-group-surname elementor-col-50 elementor-field-required\">\n\t\t\t\t\t\t\t\t\t\t\t\t\t<input size=\"1\" type=\"text\" name=\"form_fields[surname]\" id=\"form-field-surname\" class=\"elementor-field elementor-size-xs  elementor-field-textual\" placeholder=\"PRIIMEK*\" required=\"required\">\n\t\t\t\t\t\t\t\t\t\t\t<\/div>\n\t\t\t\t\t\t\t\t<div class=\"elementor-field-type-email elementor-field-group elementor-column elementor-field-group-email elementor-col-50 elementor-field-required\">\n\t\t\t\t\t\t\t\t\t\t\t\t\t<input size=\"1\" type=\"email\" name=\"form_fields[email]\" id=\"form-field-email\" class=\"elementor-field elementor-size-xs  elementor-field-textual\" placeholder=\"EMAIL NASLOV*\" required=\"required\">\n\t\t\t\t\t\t\t\t\t\t\t<\/div>\n\t\t\t\t\t\t\t\t<div class=\"elementor-field-type-tel elementor-field-group elementor-column elementor-field-group-tel elementor-col-50 elementor-field-required\">\n\t\t\t\t\t\t\t<input size=\"1\" type=\"tel\" name=\"form_fields[tel]\" id=\"form-field-tel\" class=\"elementor-field elementor-size-xs  elementor-field-textual\" placeholder=\"TEL. \u0160T.*\" required=\"required\" pattern=\"[0-9()#&amp;+*-=.]+\" title=\"Only numbers and phone characters (#, -, *, etc) are accepted.\">\n\n\t\t\t\t\t\t<\/div>\n\t\t\t\t\t\t\t\t<div class=\"elementor-field-type-text elementor-field-group elementor-column elementor-field-group-company elementor-col-100 elementor-field-required\">\n\t\t\t\t\t\t\t\t\t\t\t\t\t<input size=\"1\" type=\"text\" name=\"form_fields[company]\" id=\"form-field-company\" class=\"elementor-field elementor-size-xs  elementor-field-textual\" placeholder=\"PODJETJE*\" required=\"required\">\n\t\t\t\t\t\t\t\t\t\t\t<\/div>\n\t\t\t\t\t\t\t\t<div class=\"elementor-field-type-text elementor-field-group elementor-column elementor-field-group-address elementor-col-100 elementor-field-required\">\n\t\t\t\t\t\t\t\t\t\t\t\t\t<input size=\"1\" type=\"text\" name=\"form_fields[address]\" id=\"form-field-address\" class=\"elementor-field elementor-size-xs  elementor-field-textual\" placeholder=\"NASLOV*\" required=\"required\">\n\t\t\t\t\t\t\t\t\t\t\t<\/div>\n\t\t\t\t\t\t\t\t<div class=\"elementor-field-type-text elementor-field-group elementor-column elementor-field-group-zip elementor-col-50 elementor-field-required\">\n\t\t\t\t\t\t\t\t\t\t\t\t\t<input size=\"1\" type=\"text\" name=\"form_fields[zip]\" id=\"form-field-zip\" class=\"elementor-field elementor-size-xs  elementor-field-textual\" placeholder=\"PO\u0160TNA \u0160T.*\" required=\"required\">\n\t\t\t\t\t\t\t\t\t\t\t<\/div>\n\t\t\t\t\t\t\t\t<div class=\"elementor-field-type-text elementor-field-group elementor-column elementor-field-group-city elementor-col-50 elementor-field-required\">\n\t\t\t\t\t\t\t\t\t\t\t\t\t<input size=\"1\" type=\"text\" name=\"form_fields[city]\" id=\"form-field-city\" class=\"elementor-field elementor-size-xs  elementor-field-textual\" placeholder=\"KRAJ*\" required=\"required\">\n\t\t\t\t\t\t\t\t\t\t\t<\/div>\n\t\t\t\t\t\t\t\t<div class=\"elementor-field-type-acceptance elementor-field-group elementor-column elementor-field-group-field_e462f22 elementor-col-100 elementor-field-required\">\n\t\t\t\t\t\t\t<div class=\"elementor-field-subgroup\">\n\t\t\t<span class=\"elementor-field-option\">\n\t\t\t\t<input type=\"checkbox\" name=\"form_fields[field_e462f22]\" id=\"form-field-field_e462f22\" class=\"elementor-field elementor-size-xs  elementor-acceptance-field\" required=\"required\">\n\t\t\t\t<label for=\"form-field-field_e462f22\"><label for=\"form-field-field_e462f22\"><span style=\"font-size: 12px;\">*IB-CADDY d.o.o. uporablja podane informacije, da ostane v stiku z Vami in vas obve\u0161\u010da o produktih, dogodkih in aktualnih akcijah. Podatkov ne posredujemo tretjim osebam in jih skrbno varujemo (ve\u010d na <a href=\"https:\/\/www.ib-caddy.com\/data-security.php\" target=\"_self\"><span style=\"color: rgb(84, 172, 210);\">Varnost podatkov<\/span><\/a>). Prosimo potrdite, da ob\u010dasno lahko prejmete promocijsko elektronsko po\u0161to, kjer bo vedno tudi povezava do odjave.<\/span><\/label><\/span><\/label>\t\t\t<\/span>\n\t\t<\/div>\n\t\t\t\t\t\t<\/div>\n\t\t\t\t\t\t\t\t<div class=\"elementor-field-type-recaptcha_v3 elementor-field-group elementor-column elementor-field-group-field_2f20ded elementor-col-100 recaptcha_v3-inline\">\n\t\t\t\t\t<div class=\"elementor-field\" id=\"form-field-field_2f20ded\"><div class=\"elementor-g-recaptcha\" data-sitekey=\"6Lf0-qsaAAAAAK-OWHkstBs0HvuxbvxQUtv819Ku\" data-type=\"v3\" data-action=\"Form\" data-badge=\"inline\" data-size=\"invisible\"><\/div><\/div>\t\t\t\t<\/div>\n\t\t\t\t\t\t\t\t<div class=\"elementor-field-group elementor-column elementor-field-type-submit elementor-col-100 e-form__buttons\">\n\t\t\t\t\t<button class=\"elementor-button elementor-size-sm\" type=\"submit\">\n\t\t\t\t\t\t<span class=\"elementor-button-content-wrapper\">\n\t\t\t\t\t\t\t\t\t\t\t\t\t\t\t\t\t\t\t\t\t\t<span class=\"elementor-button-text\">ODDAJ PRIJAVO<\/span>\n\t\t\t\t\t\t\t\t\t\t\t\t\t<\/span>\n\t\t\t\t\t<\/button>\n\t\t\t\t<\/div>\n\t\t\t<\/div>\n\t\t<\/form>\n\t\t\t\t\t\t<\/div>\n\t\t\t\t<\/div>\n\t\t\t\t<div class=\"elementor-element elementor-element-2c48a45 elementor-widget elementor-widget-text-editor\" data-id=\"2c48a45\" data-element_type=\"widget\" data-e-type=\"widget\" data-widget_type=\"text-editor.default\">\n\t\t\t\t<div class=\"elementor-widget-container\">\n\t\t\t\t\t\t\t\t\t<p>* OZNA\u010cENA POLJA SO OBVEZNA<\/p>\t\t\t\t\t\t\t\t<\/div>\n\t\t\t\t<\/div>\n\t\t\t\t\t<\/div>\n\t\t<\/div>\n\t\t\t\t\t<\/div>\n\t\t<\/section>\n\t\t\t\t<div class=\"elementor-element elementor-element-e453f5d elementor-widget elementor-widget-spacer\" data-id=\"e453f5d\" data-element_type=\"widget\" data-e-type=\"widget\" data-widget_type=\"spacer.default\">\n\t\t\t\t<div class=\"elementor-widget-container\">\n\t\t\t\t\t\t\t<div class=\"elementor-spacer\">\n\t\t\t<div class=\"elementor-spacer-inner\"><\/div>\n\t\t<\/div>\n\t\t\t\t\t\t<\/div>\n\t\t\t\t<\/div>\n\t\t\t\t\t<\/div>\n\t\t<\/div>\n\t\t\t\t\t<\/div>\n\t\t<\/section>\n\t\t\t\t<\/div>\n\t\t","protected":false},"excerpt":{"rendered":"<p>BREZPLA\u010cNI SEMINAR FARO METROLOGIJA TERMIN: \u010cetrtek, 02.03.2023 ob 9:00 uri KRAJ: IB-CADDY ITC, Kovinarska cesta 28, Kamnik DNEVNI RED: Uvod \u2013 sodobne mobilne metrolo\u0161ke re\u0161itve Mobilna merilna roka FARO Quantum Max FaroArm (mobilni CMM)&nbsp; Laserski sledilnik FARO Vantage Max Laser Tracker z dodatkom 6 DoF Probe Laserski 3D skener FARO Focus Premium s spletnim upravljalcem [&hellip;]<\/p>\n","protected":false},"author":5,"featured_media":0,"parent":0,"menu_order":0,"comment_status":"closed","ping_status":"closed","template":"","meta":{"footnotes":""},"class_list":["post-3090","page","type-page","status-publish","hentry"],"_links":{"self":[{"href":"https:\/\/www.ib-caddy.com\/sl\/wp-json\/wp\/v2\/pages\/3090","targetHints":{"allow":["GET"]}}],"collection":[{"href":"https:\/\/www.ib-caddy.com\/sl\/wp-json\/wp\/v2\/pages"}],"about":[{"href":"https:\/\/www.ib-caddy.com\/sl\/wp-json\/wp\/v2\/types\/page"}],"author":[{"embeddable":true,"href":"https:\/\/www.ib-caddy.com\/sl\/wp-json\/wp\/v2\/users\/5"}],"replies":[{"embeddable":true,"href":"https:\/\/www.ib-caddy.com\/sl\/wp-json\/wp\/v2\/comments?post=3090"}],"version-history":[{"count":8,"href":"https:\/\/www.ib-caddy.com\/sl\/wp-json\/wp\/v2\/pages\/3090\/revisions"}],"predecessor-version":[{"id":3104,"href":"https:\/\/www.ib-caddy.com\/sl\/wp-json\/wp\/v2\/pages\/3090\/revisions\/3104"}],"wp:attachment":[{"href":"https:\/\/www.ib-caddy.com\/sl\/wp-json\/wp\/v2\/media?parent=3090"}],"curies":[{"name":"wp","href":"https:\/\/api.w.org\/{rel}","templated":true}]}}