{"id":4398,"date":"2023-11-27T14:11:15","date_gmt":"2023-11-27T14:11:15","guid":{"rendered":"https:\/\/www.ib-caddy.com\/?page_id=4398"},"modified":"2023-11-27T14:43:53","modified_gmt":"2023-11-27T14:43:53","slug":"s20231208_3d-tisk-dan-odprtih-vrat","status":"publish","type":"page","link":"https:\/\/www.ib-caddy.com\/sl\/s20231208_3d-tisk-dan-odprtih-vrat\/","title":{"rendered":"s20231208_3D TISK DAN ODPRTIH VRAT"},"content":{"rendered":"\t\t<div data-elementor-type=\"wp-page\" data-elementor-id=\"4398\" class=\"elementor elementor-4398\" data-elementor-settings=\"{&quot;ha_cmc_init_switcher&quot;:&quot;no&quot;}\" data-elementor-post-type=\"page\">\n\t\t\t\t\t\t<section class=\"elementor-section elementor-top-section elementor-element elementor-element-74076f71 elementor-section-boxed elementor-section-height-default elementor-section-height-default\" data-id=\"74076f71\" data-element_type=\"section\" data-e-type=\"section\" data-settings=\"{&quot;background_background&quot;:&quot;classic&quot;}\">\n\t\t\t\t\t\t<div class=\"elementor-container elementor-column-gap-no\">\n\t\t\t\t\t<div class=\"elementor-column elementor-col-100 elementor-top-column elementor-element elementor-element-5d62dc50\" data-id=\"5d62dc50\" data-element_type=\"column\" data-e-type=\"column\">\n\t\t\t<div class=\"elementor-widget-wrap elementor-element-populated\">\n\t\t\t\t\t<div class=\"elementor-background-overlay\"><\/div>\n\t\t\t\t\t\t<section class=\"elementor-section elementor-inner-section elementor-element elementor-element-d6c7765 elementor-reverse-mobile elementor-section-boxed elementor-section-height-default elementor-section-height-default\" data-id=\"d6c7765\" data-element_type=\"section\" data-e-type=\"section\">\n\t\t\t\t\t\t<div class=\"elementor-container elementor-column-gap-default\">\n\t\t\t\t\t<div class=\"elementor-column elementor-col-50 elementor-inner-column elementor-element elementor-element-3382aa22\" data-id=\"3382aa22\" data-element_type=\"column\" data-e-type=\"column\">\n\t\t\t<div class=\"elementor-widget-wrap elementor-element-populated\">\n\t\t\t\t\t\t<div class=\"elementor-element elementor-element-66593843 elementor-widget elementor-widget-heading\" data-id=\"66593843\" data-element_type=\"widget\" data-e-type=\"widget\" data-widget_type=\"heading.default\">\n\t\t\t\t<div class=\"elementor-widget-container\">\n\t\t\t\t\t<h2 class=\"elementor-heading-title elementor-size-medium\">BREZPLA\u010cNI SEMINAR<\/h2>\t\t\t\t<\/div>\n\t\t\t\t<\/div>\n\t\t\t\t<div class=\"elementor-element elementor-element-487192e0 elementor-widget elementor-widget-heading\" data-id=\"487192e0\" data-element_type=\"widget\" data-e-type=\"widget\" data-widget_type=\"heading.default\">\n\t\t\t\t<div class=\"elementor-widget-container\">\n\t\t\t\t\t<h2 class=\"elementor-heading-title elementor-size-default\">3D TISK<br><span style=\"font-size: 2rem\">DAN ODPRTIH VRAT<\/span><\/h2>\t\t\t\t<\/div>\n\t\t\t\t<\/div>\n\t\t\t\t\t<\/div>\n\t\t<\/div>\n\t\t\t\t<div class=\"elementor-column elementor-col-50 elementor-inner-column elementor-element elementor-element-720112e1\" data-id=\"720112e1\" data-element_type=\"column\" data-e-type=\"column\">\n\t\t\t<div class=\"elementor-widget-wrap elementor-element-populated\">\n\t\t\t\t\t\t<div class=\"elementor-element elementor-element-20a0436c elementor-widget elementor-widget-image\" data-id=\"20a0436c\" data-element_type=\"widget\" data-e-type=\"widget\" data-widget_type=\"image.default\">\n\t\t\t\t<div class=\"elementor-widget-container\">\n\t\t\t\t\t\t\t\t\t\t\t\t\t\t\t\t<a href=\"https:\/\/www.ib-caddy.com\/\/wp-content\/uploads\/ibcaddy\/\/2023\/11\/3Dtisk_dan-odprtih-vrat_8.12.2023-02-01.png\" data-elementor-open-lightbox=\"yes\" data-elementor-lightbox-title=\"3Dtisk_dan odprtih vrat_8.12.2023-02-01\" data-e-action-hash=\"#elementor-action%3Aaction%3Dlightbox%26settings%3DeyJpZCI6NDQwMSwidXJsIjoiaHR0cHM6XC9cL3d3dy5pYi1jYWRkeS5jb21cL1wvd3AtY29udGVudFwvdXBsb2Fkc1wvaWJjYWRkeVwvXC8yMDIzXC8xMVwvM0R0aXNrX2Rhbi1vZHBydGloLXZyYXRfOC4xMi4yMDIzLTAyLTAxLnBuZyJ9\">\n\t\t\t\t\t\t\t<img fetchpriority=\"high\" decoding=\"async\" width=\"800\" height=\"420\" src=\"https:\/\/www.ib-caddy.com\/\/wp-content\/uploads\/ibcaddy\/\/2023\/11\/3Dtisk_dan-odprtih-vrat_8.12.2023-02-01-1024x538.png\" class=\"attachment-large size-large wp-image-4401\" alt=\"\" srcset=\"https:\/\/www.ib-caddy.com\/\/wp-content\/uploads\/ibcaddy\/2023\/11\/3Dtisk_dan-odprtih-vrat_8.12.2023-02-01-1024x538.png 1024w, https:\/\/www.ib-caddy.com\/\/wp-content\/uploads\/ibcaddy\/2023\/11\/3Dtisk_dan-odprtih-vrat_8.12.2023-02-01-300x158.png 300w, https:\/\/www.ib-caddy.com\/\/wp-content\/uploads\/ibcaddy\/2023\/11\/3Dtisk_dan-odprtih-vrat_8.12.2023-02-01-768x403.png 768w, https:\/\/www.ib-caddy.com\/\/wp-content\/uploads\/ibcaddy\/2023\/11\/3Dtisk_dan-odprtih-vrat_8.12.2023-02-01-18x9.png 18w, https:\/\/www.ib-caddy.com\/\/wp-content\/uploads\/ibcaddy\/2023\/11\/3Dtisk_dan-odprtih-vrat_8.12.2023-02-01.png 1200w\" sizes=\"(max-width: 800px) 100vw, 800px\" \/>\t\t\t\t\t\t\t\t<\/a>\n\t\t\t\t\t\t\t\t\t\t\t\t\t\t\t<\/div>\n\t\t\t\t<\/div>\n\t\t\t\t\t<\/div>\n\t\t<\/div>\n\t\t\t\t\t<\/div>\n\t\t<\/section>\n\t\t\t\t<section class=\"elementor-section elementor-inner-section elementor-element elementor-element-382b5bb3 elementor-section-boxed elementor-section-height-default elementor-section-height-default\" data-id=\"382b5bb3\" data-element_type=\"section\" data-e-type=\"section\" data-settings=\"{&quot;background_background&quot;:&quot;classic&quot;}\">\n\t\t\t\t\t\t<div class=\"elementor-container elementor-column-gap-wide\">\n\t\t\t\t\t<div class=\"elementor-column elementor-col-50 elementor-inner-column elementor-element elementor-element-5062d6e9\" data-id=\"5062d6e9\" data-element_type=\"column\" data-e-type=\"column\">\n\t\t\t<div class=\"elementor-widget-wrap elementor-element-populated\">\n\t\t\t\t\t\t<div class=\"elementor-element elementor-element-1d4146c5 elementor-widget elementor-widget-text-editor\" data-id=\"1d4146c5\" data-element_type=\"widget\" data-e-type=\"widget\" data-widget_type=\"text-editor.default\">\n\t\t\t\t<div class=\"elementor-widget-container\">\n\t\t\t\t\t\t\t\t\t<p style=\"text-align: left;\"><span style=\"color: #26aae1;\"><strong>TERMIN: <\/strong><\/span>Petek, 8.12.2023 od 10:00 do 14:00 ure<\/p><p><span style=\"color: #26aae1;\"><strong>KRAJ:<\/strong><\/span> IB-CADDY ITC, Kovinarska cesta 28, Kamnik<\/p><p><span style=\"color: #26aae1;\"><strong>DNEVNI RED:<\/strong><\/span><\/p><p><strong>10:00 &#8211; 12:00 &#8211; FORMLABS<\/strong><\/p><ol><li>Podjetje Formlabs<\/li><li>SLA tehnologija tiska in SLA tiskalniki (Form 3+, Form 3L, Form Auto)<\/li><li>SLS tehnologija tiska in SLS tiskalniki\u00a0(Fuse 1+ 30W)<\/li><li>Prakti\u010dni primeri uporabe Formlabs tiskalnikov<br \/><br \/><\/li><\/ol><p><strong style=\"color: var( --e-global-color-text ); font-family: var( --e-global-typography-text-font-family ), Sans-serif; font-size: 1rem;\">12:00 &#8211; 14:00 &#8211; MARKFORGED<\/strong><\/p><ol><li>Podjetje Markforged<\/li><li>FFF tehnologija in tiskanje s kompoziti\u00a0(Onyx One, Onyx Pro, Mark Two, X3, X5, X7)<\/li><li>ADAM tehnologija in tiskanje kovine (Metal X)<\/li><li>Prakti\u010dni primeri uporabe Markforged tiskalnikov<br \/><br \/><\/li><\/ol><p><span style=\"color: #00ccff;\"><strong><span style=\"color: #26aae1;\">OPIS:<br \/><\/span><\/strong><\/span><\/p><p>Vas zanima 3D tisk?<br \/>Bi vam 3D tiskalnik olaj\u0161al delo v va\u0161em podjetju?<br \/>Vas zanima kako se s posameznim 3D tiskalnikom operira?<\/p><p>Na ta in druga vpra\u0161anja lahko dobite odgovor na dnevu odprtih vrat v IB-CADDY ITC, kjer bo tema 3D tisk s tiskalniki podjetij Formlabs in Markforged. Govorili bomo o uporabi, prednostih in slabostih, razli\u010dnih aplikacijah in mnogo ve\u010d.<\/p>\t\t\t\t\t\t\t\t<\/div>\n\t\t\t\t<\/div>\n\t\t\t\t\t<\/div>\n\t\t<\/div>\n\t\t\t\t<div class=\"elementor-column elementor-col-50 elementor-inner-column elementor-element elementor-element-7f0ad8cb\" data-id=\"7f0ad8cb\" data-element_type=\"column\" data-e-type=\"column\">\n\t\t\t<div class=\"elementor-widget-wrap elementor-element-populated\">\n\t\t\t\t\t\t<div class=\"elementor-element elementor-element-57feb309 elementor-widget elementor-widget-text-editor\" data-id=\"57feb309\" data-element_type=\"widget\" data-e-type=\"widget\" data-widget_type=\"text-editor.default\">\n\t\t\t\t<div class=\"elementor-widget-container\">\n\t\t\t\t\t\t\t\t\t<p>PRIJAVNI OBRAZEC<\/p>\t\t\t\t\t\t\t\t<\/div>\n\t\t\t\t<\/div>\n\t\t\t\t<div class=\"elementor-element elementor-element-147a7dac elementor-button-align-stretch elementor-widget elementor-widget-form\" data-id=\"147a7dac\" data-element_type=\"widget\" data-e-type=\"widget\" data-settings=\"{&quot;step_next_label&quot;:&quot;Next&quot;,&quot;step_previous_label&quot;:&quot;Previous&quot;,&quot;step_type&quot;:&quot;number_text&quot;,&quot;step_icon_shape&quot;:&quot;circle&quot;}\" data-widget_type=\"form.default\">\n\t\t\t\t<div class=\"elementor-widget-container\">\n\t\t\t\t\t\t\t<form class=\"elementor-form\" method=\"post\" id=\"s20231208\" name=\"s20231208_3D TISK DAN ODPRTIH VRAT\" aria-label=\"s20231208_3D TISK DAN ODPRTIH VRAT\">\n\t\t\t<input type=\"hidden\" name=\"post_id\" value=\"4398\"\/>\n\t\t\t<input type=\"hidden\" name=\"form_id\" value=\"147a7dac\"\/>\n\t\t\t<input type=\"hidden\" name=\"referer_title\" value=\"s20231208_3D TISK DAN ODPRTIH VRAT - IB-CADDY d.o.o.\" \/>\n\n\t\t\t\t\t\t\t<input type=\"hidden\" name=\"queried_id\" value=\"4398\"\/>\n\t\t\t\n\t\t\t<div class=\"elementor-form-fields-wrapper elementor-labels-above\">\n\t\t\t\t\t\t\t\t<div class=\"elementor-field-type-text elementor-field-group elementor-column elementor-field-group-name elementor-col-50 elementor-field-required\">\n\t\t\t\t\t\t\t\t\t\t\t\t\t<input size=\"1\" type=\"text\" name=\"form_fields[name]\" id=\"form-field-name\" class=\"elementor-field elementor-size-xs  elementor-field-textual\" placeholder=\"IME*\" required=\"required\">\n\t\t\t\t\t\t\t\t\t\t\t<\/div>\n\t\t\t\t\t\t\t\t<div class=\"elementor-field-type-text elementor-field-group elementor-column elementor-field-group-surname elementor-col-50 elementor-field-required\">\n\t\t\t\t\t\t\t\t\t\t\t\t\t<input size=\"1\" type=\"text\" name=\"form_fields[surname]\" id=\"form-field-surname\" class=\"elementor-field elementor-size-xs  elementor-field-textual\" placeholder=\"PRIIMEK*\" required=\"required\">\n\t\t\t\t\t\t\t\t\t\t\t<\/div>\n\t\t\t\t\t\t\t\t<div class=\"elementor-field-type-email elementor-field-group elementor-column elementor-field-group-email elementor-col-50 elementor-field-required\">\n\t\t\t\t\t\t\t\t\t\t\t\t\t<input size=\"1\" type=\"email\" name=\"form_fields[email]\" id=\"form-field-email\" class=\"elementor-field elementor-size-xs  elementor-field-textual\" placeholder=\"EMAIL NASLOV*\" required=\"required\">\n\t\t\t\t\t\t\t\t\t\t\t<\/div>\n\t\t\t\t\t\t\t\t<div class=\"elementor-field-type-tel elementor-field-group elementor-column elementor-field-group-tel elementor-col-50 elementor-field-required\">\n\t\t\t\t\t\t\t<input size=\"1\" type=\"tel\" name=\"form_fields[tel]\" id=\"form-field-tel\" class=\"elementor-field elementor-size-xs  elementor-field-textual\" placeholder=\"TEL. \u0160T.*\" required=\"required\" pattern=\"[0-9()#&amp;+*-=.]+\" title=\"Only numbers and phone characters (#, -, *, etc) are accepted.\">\n\n\t\t\t\t\t\t<\/div>\n\t\t\t\t\t\t\t\t<div class=\"elementor-field-type-text elementor-field-group elementor-column elementor-field-group-company elementor-col-100 elementor-field-required\">\n\t\t\t\t\t\t\t\t\t\t\t\t\t<input size=\"1\" type=\"text\" name=\"form_fields[company]\" id=\"form-field-company\" class=\"elementor-field elementor-size-xs  elementor-field-textual\" placeholder=\"PODJETJE*\" required=\"required\">\n\t\t\t\t\t\t\t\t\t\t\t<\/div>\n\t\t\t\t\t\t\t\t<div class=\"elementor-field-type-text elementor-field-group elementor-column elementor-field-group-address elementor-col-100 elementor-field-required\">\n\t\t\t\t\t\t\t\t\t\t\t\t\t<input size=\"1\" type=\"text\" name=\"form_fields[address]\" id=\"form-field-address\" class=\"elementor-field elementor-size-xs  elementor-field-textual\" placeholder=\"NASLOV*\" required=\"required\">\n\t\t\t\t\t\t\t\t\t\t\t<\/div>\n\t\t\t\t\t\t\t\t<div class=\"elementor-field-type-text elementor-field-group elementor-column elementor-field-group-zip elementor-col-50 elementor-field-required\">\n\t\t\t\t\t\t\t\t\t\t\t\t\t<input size=\"1\" type=\"text\" name=\"form_fields[zip]\" id=\"form-field-zip\" class=\"elementor-field elementor-size-xs  elementor-field-textual\" placeholder=\"PO\u0160TNA \u0160T.*\" required=\"required\">\n\t\t\t\t\t\t\t\t\t\t\t<\/div>\n\t\t\t\t\t\t\t\t<div class=\"elementor-field-type-text elementor-field-group elementor-column elementor-field-group-city elementor-col-50 elementor-field-required\">\n\t\t\t\t\t\t\t\t\t\t\t\t\t<input size=\"1\" type=\"text\" name=\"form_fields[city]\" id=\"form-field-city\" class=\"elementor-field elementor-size-xs  elementor-field-textual\" placeholder=\"KRAJ*\" required=\"required\">\n\t\t\t\t\t\t\t\t\t\t\t<\/div>\n\t\t\t\t\t\t\t\t<div class=\"elementor-field-type-radio elementor-field-group elementor-column elementor-field-group-dogodek elementor-col-100 elementor-field-required\">\n\t\t\t\t\t\t\t\t\t\t\t\t<label for=\"form-field-dogodek\" class=\"elementor-field-label\">\n\t\t\t\t\t\t\t\tIZBRANI DOGODEK:\t\t\t\t\t\t\t<\/label>\n\t\t\t\t\t\t<div class=\"elementor-field-subgroup  \"><span class=\"elementor-field-option\"><input type=\"radio\" value=\"FORMLABS (10:00 - 12:00)\" id=\"form-field-dogodek-0\" name=\"form_fields[dogodek]\" required=\"required\"> <label for=\"form-field-dogodek-0\">FORMLABS (10:00 - 12:00)<\/label><\/span><span class=\"elementor-field-option\"><input type=\"radio\" value=\"MARKFORGED (12:00 - 14:00)\" id=\"form-field-dogodek-1\" name=\"form_fields[dogodek]\" required=\"required\"> <label for=\"form-field-dogodek-1\">MARKFORGED (12:00 - 14:00)<\/label><\/span><span class=\"elementor-field-option\"><input type=\"radio\" value=\"FORMLABS (10:00 - 12:00) in MARKFORGED (12:00 - 14:00)\" id=\"form-field-dogodek-2\" name=\"form_fields[dogodek]\" required=\"required\"> <label for=\"form-field-dogodek-2\">FORMLABS (10:00 - 12:00) in MARKFORGED (12:00 - 14:00)<\/label><\/span><\/div>\t\t\t\t<\/div>\n\t\t\t\t\t\t\t\t<div class=\"elementor-field-type-acceptance elementor-field-group elementor-column elementor-field-group-field_e462f22 elementor-col-100 elementor-field-required\">\n\t\t\t\t\t\t\t<div class=\"elementor-field-subgroup\">\n\t\t\t<span class=\"elementor-field-option\">\n\t\t\t\t<input type=\"checkbox\" name=\"form_fields[field_e462f22]\" id=\"form-field-field_e462f22\" class=\"elementor-field elementor-size-xs  elementor-acceptance-field\" required=\"required\">\n\t\t\t\t<label for=\"form-field-field_e462f22\"><label for=\"form-field-field_e462f22\"><span style=\"font-size: 12px;\">*IB-CADDY d.o.o. uporablja podane informacije, da ostane v stiku z Vami in vas obve\u0161\u010da o produktih, dogodkih in aktualnih akcijah. Podatkov ne posredujemo tretjim osebam in jih skrbno varujemo (ve\u010d na <a href=\"https:\/\/www.ib-caddy.com\/data-security.php\" target=\"_self\"><span style=\"color: rgb(84, 172, 210);\">Varnost podatkov<\/span><\/a>). Prosimo potrdite, da ob\u010dasno lahko prejmete promocijsko elektronsko po\u0161to, kjer bo vedno tudi povezava do odjave.<\/span><\/label><\/span><\/label>\t\t\t<\/span>\n\t\t<\/div>\n\t\t\t\t\t\t<\/div>\n\t\t\t\t\t\t\t\t<div class=\"elementor-field-type-recaptcha_v3 elementor-field-group elementor-column elementor-field-group-field_2f20ded elementor-col-100 recaptcha_v3-inline\">\n\t\t\t\t\t<div class=\"elementor-field\" id=\"form-field-field_2f20ded\"><div class=\"elementor-g-recaptcha\" data-sitekey=\"6Lf0-qsaAAAAAK-OWHkstBs0HvuxbvxQUtv819Ku\" data-type=\"v3\" data-action=\"Form\" data-badge=\"inline\" data-size=\"invisible\"><\/div><\/div>\t\t\t\t<\/div>\n\t\t\t\t\t\t\t\t<div class=\"elementor-field-group elementor-column elementor-field-type-submit elementor-col-100 e-form__buttons\">\n\t\t\t\t\t<button class=\"elementor-button elementor-size-sm\" type=\"submit\">\n\t\t\t\t\t\t<span class=\"elementor-button-content-wrapper\">\n\t\t\t\t\t\t\t\t\t\t\t\t\t\t\t\t\t\t\t\t\t\t<span class=\"elementor-button-text\">ODDAJ PRIJAVO<\/span>\n\t\t\t\t\t\t\t\t\t\t\t\t\t<\/span>\n\t\t\t\t\t<\/button>\n\t\t\t\t<\/div>\n\t\t\t<\/div>\n\t\t<\/form>\n\t\t\t\t\t\t<\/div>\n\t\t\t\t<\/div>\n\t\t\t\t<div class=\"elementor-element elementor-element-33e7d1ac elementor-widget elementor-widget-text-editor\" data-id=\"33e7d1ac\" data-element_type=\"widget\" data-e-type=\"widget\" data-widget_type=\"text-editor.default\">\n\t\t\t\t<div class=\"elementor-widget-container\">\n\t\t\t\t\t\t\t\t\t<p>* OZNA\u010cENA POLJA SO OBVEZNA<\/p>\t\t\t\t\t\t\t\t<\/div>\n\t\t\t\t<\/div>\n\t\t\t\t\t<\/div>\n\t\t<\/div>\n\t\t\t\t\t<\/div>\n\t\t<\/section>\n\t\t\t\t<div class=\"elementor-element elementor-element-38263efc elementor-widget elementor-widget-spacer\" data-id=\"38263efc\" data-element_type=\"widget\" data-e-type=\"widget\" data-widget_type=\"spacer.default\">\n\t\t\t\t<div class=\"elementor-widget-container\">\n\t\t\t\t\t\t\t<div class=\"elementor-spacer\">\n\t\t\t<div class=\"elementor-spacer-inner\"><\/div>\n\t\t<\/div>\n\t\t\t\t\t\t<\/div>\n\t\t\t\t<\/div>\n\t\t\t\t\t<\/div>\n\t\t<\/div>\n\t\t\t\t\t<\/div>\n\t\t<\/section>\n\t\t\t\t<\/div>\n\t\t","protected":false},"excerpt":{"rendered":"<p>BREZPLA\u010cNI SEMINAR 3D TISKDAN ODPRTIH VRAT TERMIN: Petek, 8.12.2023 od 10:00 do 14:00 ure KRAJ: IB-CADDY ITC, Kovinarska cesta 28, Kamnik DNEVNI RED: 10:00 &#8211; 12:00 &#8211; FORMLABS Podjetje Formlabs SLA tehnologija tiska in SLA tiskalniki (Form 3+, Form 3L, Form Auto) SLS tehnologija tiska in SLS tiskalniki\u00a0(Fuse 1+ 30W) Prakti\u010dni primeri uporabe Formlabs tiskalnikov [&hellip;]<\/p>\n","protected":false},"author":12,"featured_media":0,"parent":0,"menu_order":0,"comment_status":"closed","ping_status":"closed","template":"","meta":{"footnotes":""},"class_list":["post-4398","page","type-page","status-publish","hentry"],"_links":{"self":[{"href":"https:\/\/www.ib-caddy.com\/sl\/wp-json\/wp\/v2\/pages\/4398","targetHints":{"allow":["GET"]}}],"collection":[{"href":"https:\/\/www.ib-caddy.com\/sl\/wp-json\/wp\/v2\/pages"}],"about":[{"href":"https:\/\/www.ib-caddy.com\/sl\/wp-json\/wp\/v2\/types\/page"}],"author":[{"embeddable":true,"href":"https:\/\/www.ib-caddy.com\/sl\/wp-json\/wp\/v2\/users\/12"}],"replies":[{"embeddable":true,"href":"https:\/\/www.ib-caddy.com\/sl\/wp-json\/wp\/v2\/comments?post=4398"}],"version-history":[{"count":19,"href":"https:\/\/www.ib-caddy.com\/sl\/wp-json\/wp\/v2\/pages\/4398\/revisions"}],"predecessor-version":[{"id":4426,"href":"https:\/\/www.ib-caddy.com\/sl\/wp-json\/wp\/v2\/pages\/4398\/revisions\/4426"}],"wp:attachment":[{"href":"https:\/\/www.ib-caddy.com\/sl\/wp-json\/wp\/v2\/media?parent=4398"}],"curies":[{"name":"wp","href":"https:\/\/api.w.org\/{rel}","templated":true}]}}