{"id":771,"date":"2021-12-17T12:34:07","date_gmt":"2021-12-17T12:34:07","guid":{"rendered":"https:\/\/www.ib-caddy.com\/ibwp-ibcaddy-dev\/?page_id=771"},"modified":"2021-12-23T12:24:36","modified_gmt":"2021-12-23T12:24:36","slug":"environment-care","status":"publish","type":"page","link":"https:\/\/www.ib-caddy.com\/sl\/environment-care\/","title":{"rendered":"Environment care"},"content":{"rendered":"\t\t<div data-elementor-type=\"wp-page\" data-elementor-id=\"771\" class=\"elementor elementor-771\" data-elementor-settings=\"{&quot;ha_cmc_init_switcher&quot;:&quot;no&quot;}\" data-elementor-post-type=\"page\">\n\t\t\t\t\t\t<section class=\"elementor-section elementor-top-section elementor-element elementor-element-aee8305 elementor-section-boxed elementor-section-height-default elementor-section-height-default\" data-id=\"aee8305\" data-element_type=\"section\" data-e-type=\"section\" data-settings=\"{&quot;background_background&quot;:&quot;classic&quot;}\">\n\t\t\t\t\t\t\t<div class=\"elementor-background-overlay\"><\/div>\n\t\t\t\t\t\t\t<div class=\"elementor-container elementor-column-gap-default\">\n\t\t\t\t\t<div class=\"elementor-column elementor-col-100 elementor-top-column elementor-element elementor-element-9c39eb7\" data-id=\"9c39eb7\" data-element_type=\"column\" data-e-type=\"column\">\n\t\t\t<div class=\"elementor-widget-wrap elementor-element-populated\">\n\t\t\t\t\t\t<div class=\"elementor-element elementor-element-48d158f elementor-widget elementor-widget-spacer\" data-id=\"48d158f\" data-element_type=\"widget\" data-e-type=\"widget\" data-widget_type=\"spacer.default\">\n\t\t\t\t<div class=\"elementor-widget-container\">\n\t\t\t\t\t\t\t<div class=\"elementor-spacer\">\n\t\t\t<div class=\"elementor-spacer-inner\"><\/div>\n\t\t<\/div>\n\t\t\t\t\t\t<\/div>\n\t\t\t\t<\/div>\n\t\t\t\t<div class=\"elementor-element elementor-element-68af8f7 elementor-widget__width-auto elementor-widget elementor-widget-heading\" data-id=\"68af8f7\" data-element_type=\"widget\" data-e-type=\"widget\" data-widget_type=\"heading.default\">\n\t\t\t\t<div class=\"elementor-widget-container\">\n\t\t\t\t\t<h2 class=\"elementor-heading-title elementor-size-default\">SKRB ZA OKOLJE<\/h2>\t\t\t\t<\/div>\n\t\t\t\t<\/div>\n\t\t\t\t<div class=\"elementor-element elementor-element-8b7b7bb elementor-widget elementor-widget-spacer\" data-id=\"8b7b7bb\" data-element_type=\"widget\" data-e-type=\"widget\" data-widget_type=\"spacer.default\">\n\t\t\t\t<div class=\"elementor-widget-container\">\n\t\t\t\t\t\t\t<div class=\"elementor-spacer\">\n\t\t\t<div class=\"elementor-spacer-inner\"><\/div>\n\t\t<\/div>\n\t\t\t\t\t\t<\/div>\n\t\t\t\t<\/div>\n\t\t\t\t\t<\/div>\n\t\t<\/div>\n\t\t\t\t\t<\/div>\n\t\t<\/section>\n\t\t\t\t<section class=\"elementor-section elementor-top-section elementor-element elementor-element-45d573e elementor-section-boxed elementor-section-height-default elementor-section-height-default\" data-id=\"45d573e\" data-element_type=\"section\" data-e-type=\"section\">\n\t\t\t\t\t\t<div class=\"elementor-container elementor-column-gap-default\">\n\t\t\t\t\t<div class=\"elementor-column elementor-col-100 elementor-top-column elementor-element elementor-element-46e38b1\" data-id=\"46e38b1\" data-element_type=\"column\" data-e-type=\"column\">\n\t\t\t<div class=\"elementor-widget-wrap elementor-element-populated\">\n\t\t\t\t\t\t<div class=\"elementor-element elementor-element-bd662d1 elementor-widget elementor-widget-spacer\" data-id=\"bd662d1\" data-element_type=\"widget\" data-e-type=\"widget\" data-widget_type=\"spacer.default\">\n\t\t\t\t<div class=\"elementor-widget-container\">\n\t\t\t\t\t\t\t<div class=\"elementor-spacer\">\n\t\t\t<div class=\"elementor-spacer-inner\"><\/div>\n\t\t<\/div>\n\t\t\t\t\t\t<\/div>\n\t\t\t\t<\/div>\n\t\t\t\t<div class=\"elementor-element elementor-element-3f9dd03 elementor-widget elementor-widget-text-editor\" data-id=\"3f9dd03\" data-element_type=\"widget\" data-e-type=\"widget\" data-widget_type=\"text-editor.default\">\n\t\t\t\t<div class=\"elementor-widget-container\">\n\t\t\t\t\t\t\t\t\t<p class=\"ct-sectionHeader-subtitle text-center\">V podjetju se zavedamo, da so brezhibna kakovost izdelkov in na\u0161ih storitev, skrb za zdravje ljudi in skrb do okolja klju\u010dni za dolgoro\u010dno poslovanje in obstoj podjetja.<\/p><p class=\"ct-sectionHeader-subtitle text-center\"><br \/>Nenehno izbolj\u0161evanje produktov, procesov in storitev in popolnim zadovoljstvom kupcev, so del na\u0161e filozofije in politike kakovosti podjetja.<\/p><p class=\"ct-sectionHeader-subtitle text-center\"><br \/>U\u010dinkovita raba energentov in materialov v proizvodnem procesu, zmanj\u0161evanje negativnih vplivov na okolje, odgovorno ravnanje z odpadki ter minimaliziranje le-teh, so del politike varovanja okolja in klju\u010dni kazalniki pri strategiji razvoja podjetja.<\/p><p class=\"ct-sectionHeader-subtitle text-center\"><br \/>Skrb za zdravje in zadovoljstvo zaposlenih, njihova pripadnost podjetju, njihova strokovna usposobljenost in zavestnost v procesu izdelave izdelkov, v skrbi do okolja in skrbi do soljudi, so na\u010dela na podlagi katerih gradimo prihodnost podjetja.<\/p>\t\t\t\t\t\t\t\t<\/div>\n\t\t\t\t<\/div>\n\t\t\t\t<div class=\"elementor-element elementor-element-9bfbca9 elementor-widget elementor-widget-spacer\" data-id=\"9bfbca9\" data-element_type=\"widget\" data-e-type=\"widget\" data-widget_type=\"spacer.default\">\n\t\t\t\t<div class=\"elementor-widget-container\">\n\t\t\t\t\t\t\t<div class=\"elementor-spacer\">\n\t\t\t<div class=\"elementor-spacer-inner\"><\/div>\n\t\t<\/div>\n\t\t\t\t\t\t<\/div>\n\t\t\t\t<\/div>\n\t\t\t\t\t<\/div>\n\t\t<\/div>\n\t\t\t\t\t<\/div>\n\t\t<\/section>\n\t\t\t\t<\/div>\n\t\t","protected":false},"excerpt":{"rendered":"<p>SKRB ZA OKOLJE V podjetju se zavedamo, da so brezhibna kakovost izdelkov in na\u0161ih storitev, skrb za zdravje ljudi in skrb do okolja klju\u010dni za dolgoro\u010dno poslovanje in obstoj podjetja. Nenehno izbolj\u0161evanje produktov, procesov in storitev in popolnim zadovoljstvom kupcev, so del na\u0161e filozofije in politike kakovosti podjetja. U\u010dinkovita raba energentov in materialov v proizvodnem [&hellip;]<\/p>\n","protected":false},"author":11,"featured_media":0,"parent":0,"menu_order":0,"comment_status":"closed","ping_status":"closed","template":"","meta":{"footnotes":""},"class_list":["post-771","page","type-page","status-publish","hentry"],"_links":{"self":[{"href":"https:\/\/www.ib-caddy.com\/sl\/wp-json\/wp\/v2\/pages\/771","targetHints":{"allow":["GET"]}}],"collection":[{"href":"https:\/\/www.ib-caddy.com\/sl\/wp-json\/wp\/v2\/pages"}],"about":[{"href":"https:\/\/www.ib-caddy.com\/sl\/wp-json\/wp\/v2\/types\/page"}],"author":[{"embeddable":true,"href":"https:\/\/www.ib-caddy.com\/sl\/wp-json\/wp\/v2\/users\/11"}],"replies":[{"embeddable":true,"href":"https:\/\/www.ib-caddy.com\/sl\/wp-json\/wp\/v2\/comments?post=771"}],"version-history":[{"count":8,"href":"https:\/\/www.ib-caddy.com\/sl\/wp-json\/wp\/v2\/pages\/771\/revisions"}],"predecessor-version":[{"id":1274,"href":"https:\/\/www.ib-caddy.com\/sl\/wp-json\/wp\/v2\/pages\/771\/revisions\/1274"}],"wp:attachment":[{"href":"https:\/\/www.ib-caddy.com\/sl\/wp-json\/wp\/v2\/media?parent=771"}],"curies":[{"name":"wp","href":"https:\/\/api.w.org\/{rel}","templated":true}]}}