{"id":781,"date":"2021-12-17T12:42:03","date_gmt":"2021-12-17T12:42:03","guid":{"rendered":"https:\/\/www.ib-caddy.com\/ibwp-ibcaddy-dev\/?page_id=781"},"modified":"2021-12-23T13:03:01","modified_gmt":"2021-12-23T13:03:01","slug":"development","status":"publish","type":"page","link":"https:\/\/www.ib-caddy.com\/sl\/development\/","title":{"rendered":"Development"},"content":{"rendered":"\t\t<div data-elementor-type=\"wp-page\" data-elementor-id=\"781\" class=\"elementor elementor-781\" data-elementor-settings=\"{&quot;ha_cmc_init_switcher&quot;:&quot;no&quot;}\" data-elementor-post-type=\"page\">\n\t\t\t\t\t\t<section class=\"elementor-section elementor-top-section elementor-element elementor-element-30c9607 elementor-section-boxed elementor-section-height-default elementor-section-height-default\" data-id=\"30c9607\" data-element_type=\"section\" data-e-type=\"section\" data-settings=\"{&quot;background_background&quot;:&quot;classic&quot;}\">\n\t\t\t\t\t\t\t<div class=\"elementor-background-overlay\"><\/div>\n\t\t\t\t\t\t\t<div class=\"elementor-container elementor-column-gap-default\">\n\t\t\t\t\t<div class=\"elementor-column elementor-col-100 elementor-top-column elementor-element elementor-element-38532c1\" data-id=\"38532c1\" data-element_type=\"column\" data-e-type=\"column\">\n\t\t\t<div class=\"elementor-widget-wrap elementor-element-populated\">\n\t\t\t\t\t\t<div class=\"elementor-element elementor-element-fa7bf7e elementor-widget elementor-widget-spacer\" data-id=\"fa7bf7e\" data-element_type=\"widget\" data-e-type=\"widget\" data-widget_type=\"spacer.default\">\n\t\t\t\t<div class=\"elementor-widget-container\">\n\t\t\t\t\t\t\t<div class=\"elementor-spacer\">\n\t\t\t<div class=\"elementor-spacer-inner\"><\/div>\n\t\t<\/div>\n\t\t\t\t\t\t<\/div>\n\t\t\t\t<\/div>\n\t\t\t\t<div class=\"elementor-element elementor-element-6ec4995 elementor-widget__width-auto elementor-widget elementor-widget-heading\" data-id=\"6ec4995\" data-element_type=\"widget\" data-e-type=\"widget\" data-widget_type=\"heading.default\">\n\t\t\t\t<div class=\"elementor-widget-container\">\n\t\t\t\t\t<h2 class=\"elementor-heading-title elementor-size-default\">RAZVOJ<\/h2>\t\t\t\t<\/div>\n\t\t\t\t<\/div>\n\t\t\t\t<div class=\"elementor-element elementor-element-57e2be2 elementor-widget elementor-widget-spacer\" data-id=\"57e2be2\" data-element_type=\"widget\" data-e-type=\"widget\" data-widget_type=\"spacer.default\">\n\t\t\t\t<div class=\"elementor-widget-container\">\n\t\t\t\t\t\t\t<div class=\"elementor-spacer\">\n\t\t\t<div class=\"elementor-spacer-inner\"><\/div>\n\t\t<\/div>\n\t\t\t\t\t\t<\/div>\n\t\t\t\t<\/div>\n\t\t\t\t<div class=\"elementor-element elementor-element-ad1cdbe elementor-widget elementor-widget-text-editor\" data-id=\"ad1cdbe\" data-element_type=\"widget\" data-e-type=\"widget\" data-widget_type=\"text-editor.default\">\n\t\t\t\t<div class=\"elementor-widget-container\">\n\t\t\t\t\t\t\t\t\t<p>Podjetje IB-CADDY d.o.o. nudi tudi usluge na podro\u010dju razvoja.<\/p>\t\t\t\t\t\t\t\t<\/div>\n\t\t\t\t<\/div>\n\t\t\t\t<div class=\"elementor-element elementor-element-59cd50d elementor-widget elementor-widget-spacer\" data-id=\"59cd50d\" data-element_type=\"widget\" data-e-type=\"widget\" data-widget_type=\"spacer.default\">\n\t\t\t\t<div class=\"elementor-widget-container\">\n\t\t\t\t\t\t\t<div class=\"elementor-spacer\">\n\t\t\t<div class=\"elementor-spacer-inner\"><\/div>\n\t\t<\/div>\n\t\t\t\t\t\t<\/div>\n\t\t\t\t<\/div>\n\t\t\t\t\t<\/div>\n\t\t<\/div>\n\t\t\t\t\t<\/div>\n\t\t<\/section>\n\t\t\t\t<section class=\"elementor-section elementor-top-section elementor-element elementor-element-4761bc1 elementor-section-boxed elementor-section-height-default elementor-section-height-default\" data-id=\"4761bc1\" data-element_type=\"section\" data-e-type=\"section\">\n\t\t\t\t\t\t<div class=\"elementor-container elementor-column-gap-default\">\n\t\t\t\t\t<div class=\"elementor-column elementor-col-100 elementor-top-column elementor-element elementor-element-5a705ac\" data-id=\"5a705ac\" data-element_type=\"column\" data-e-type=\"column\">\n\t\t\t<div class=\"elementor-widget-wrap elementor-element-populated\">\n\t\t\t\t\t\t<div class=\"elementor-element elementor-element-d0e5d61 elementor-widget elementor-widget-spacer\" data-id=\"d0e5d61\" data-element_type=\"widget\" data-e-type=\"widget\" data-widget_type=\"spacer.default\">\n\t\t\t\t<div class=\"elementor-widget-container\">\n\t\t\t\t\t\t\t<div class=\"elementor-spacer\">\n\t\t\t<div class=\"elementor-spacer-inner\"><\/div>\n\t\t<\/div>\n\t\t\t\t\t\t<\/div>\n\t\t\t\t<\/div>\n\t\t\t\t<div class=\"elementor-element elementor-element-57b218b elementor-widget elementor-widget-text-editor\" data-id=\"57b218b\" data-element_type=\"widget\" data-e-type=\"widget\" data-widget_type=\"text-editor.default\">\n\t\t\t\t<div class=\"elementor-widget-container\">\n\t\t\t\t\t\t\t\t\t<p>Podjetje IB-CADDY d.o.o. nudi tudi usluge na podro\u010dju razvoja.<\/p><p>V podjetju IB-CADDY se ukvarjamo tudi z razvojem izdelkov, tako kompleksnih sestavov kot posameznih sestavnih delov. Prednost na\u0161e storitve je ta, da razvojnik in konstruker orodja delata z roko v roki, kar rezultira v tehnolo\u0161ko optimiranem izdelku. Po potrebi vklju\u010dimo tudi industrijskega oblikovalca.<\/p><p>Razvoj izdelkov delimo na ve\u010d faz:<\/p><p>\u00a0<\/p>\t\t\t\t\t\t\t\t<\/div>\n\t\t\t\t<\/div>\n\t\t\t\t\t<\/div>\n\t\t<\/div>\n\t\t\t\t\t<\/div>\n\t\t<\/section>\n\t\t\t\t<section class=\"elementor-section elementor-top-section elementor-element elementor-element-c989ee9 elementor-section-boxed elementor-section-height-default elementor-section-height-default\" data-id=\"c989ee9\" data-element_type=\"section\" data-e-type=\"section\" id=\"top\">\n\t\t\t\t\t\t<div class=\"elementor-container elementor-column-gap-default\">\n\t\t\t\t\t<div class=\"elementor-column elementor-col-100 elementor-top-column elementor-element elementor-element-3d0d5e2\" data-id=\"3d0d5e2\" data-element_type=\"column\" data-e-type=\"column\">\n\t\t\t<div class=\"elementor-widget-wrap elementor-element-populated\">\n\t\t\t\t\t\t<section class=\"elementor-section elementor-inner-section elementor-element elementor-element-54fe634 elementor-section-boxed elementor-section-height-default elementor-section-height-default\" data-id=\"54fe634\" data-element_type=\"section\" data-e-type=\"section\">\n\t\t\t\t\t\t<div class=\"elementor-container elementor-column-gap-default\">\n\t\t\t\t\t<div class=\"elementor-column elementor-col-100 elementor-inner-column elementor-element elementor-element-bd12a2d\" data-id=\"bd12a2d\" data-element_type=\"column\" data-e-type=\"column\">\n\t\t\t<div class=\"elementor-widget-wrap elementor-element-populated\">\n\t\t\t\t\t\t<div class=\"elementor-element elementor-element-d845dfe elementor-widget-divider--view-line elementor-widget elementor-widget-divider\" data-id=\"d845dfe\" data-element_type=\"widget\" data-e-type=\"widget\" data-widget_type=\"divider.default\">\n\t\t\t\t<div class=\"elementor-widget-container\">\n\t\t\t\t\t\t\t<div class=\"elementor-divider\">\n\t\t\t<span class=\"elementor-divider-separator\">\n\t\t\t\t\t\t<\/span>\n\t\t<\/div>\n\t\t\t\t\t\t<\/div>\n\t\t\t\t<\/div>\n\t\t\t\t<div class=\"elementor-element elementor-element-ca86dbe elementor-position-left elementor-vertical-align-middle elementor-widget elementor-widget-image-box\" data-id=\"ca86dbe\" data-element_type=\"widget\" data-e-type=\"widget\" data-widget_type=\"image-box.default\">\n\t\t\t\t<div class=\"elementor-widget-container\">\n\t\t\t\t\t<div class=\"elementor-image-box-wrapper\"><figure class=\"elementor-image-box-img\"><img fetchpriority=\"high\" decoding=\"async\" width=\"720\" height=\"404\" src=\"https:\/\/www.ib-caddy.com\/\/wp-content\/uploads\/ibcaddy\/\/2021\/12\/razvoj_koncept.jpg\" class=\"attachment-full size-full wp-image-793\" alt=\"\" srcset=\"https:\/\/www.ib-caddy.com\/\/wp-content\/uploads\/ibcaddy\/2021\/12\/razvoj_koncept.jpg 720w, https:\/\/www.ib-caddy.com\/\/wp-content\/uploads\/ibcaddy\/2021\/12\/razvoj_koncept-300x168.jpg 300w\" sizes=\"(max-width: 720px) 100vw, 720px\" \/><\/figure><div class=\"elementor-image-box-content\"><h4 class=\"elementor-image-box-title\">1. Koncept<\/h4><p class=\"elementor-image-box-description\">Na\u0161a ekipa se lahko vklju\u010di \u017ee v samo fazo zasnove izdelka, kar tudi mo\u010dno priporo\u010damo. Sama zasnova izdelka ima odlo\u010dujo\u010d vpliv na kon\u010dno ceno izdelka. Z vklju\u010ditvijo na\u0161ih razvojnikov in orodjarjev \u017ee v najzgodnej\u0161i fazi se dose\u017ee re\u0161itev, ki bo ob enaki funkcionalnosti enostavnej\u0161a za proizvodnjo, predvsem pa cenej\u0161a. Manj\u0161a bo investicija v orodja, cenej\u0161i pa bo tudi kon\u010dni izdelek.<\/p><\/div><\/div>\t\t\t\t<\/div>\n\t\t\t\t<\/div>\n\t\t\t\t<div class=\"elementor-element elementor-element-5037a59 elementor-widget-divider--view-line elementor-widget elementor-widget-divider\" data-id=\"5037a59\" data-element_type=\"widget\" data-e-type=\"widget\" data-widget_type=\"divider.default\">\n\t\t\t\t<div class=\"elementor-widget-container\">\n\t\t\t\t\t\t\t<div class=\"elementor-divider\">\n\t\t\t<span class=\"elementor-divider-separator\">\n\t\t\t\t\t\t<\/span>\n\t\t<\/div>\n\t\t\t\t\t\t<\/div>\n\t\t\t\t<\/div>\n\t\t\t\t\t<\/div>\n\t\t<\/div>\n\t\t\t\t\t<\/div>\n\t\t<\/section>\n\t\t\t\t<section class=\"elementor-section elementor-inner-section elementor-element elementor-element-2b03539 elementor-section-boxed elementor-section-height-default elementor-section-height-default\" data-id=\"2b03539\" data-element_type=\"section\" data-e-type=\"section\">\n\t\t\t\t\t\t<div class=\"elementor-container elementor-column-gap-default\">\n\t\t\t\t\t<div class=\"elementor-column elementor-col-100 elementor-inner-column elementor-element elementor-element-f1cab2a\" data-id=\"f1cab2a\" data-element_type=\"column\" data-e-type=\"column\">\n\t\t\t<div class=\"elementor-widget-wrap elementor-element-populated\">\n\t\t\t\t\t\t<div class=\"elementor-element elementor-element-25443ff elementor-position-left elementor-vertical-align-middle elementor-widget elementor-widget-image-box\" data-id=\"25443ff\" data-element_type=\"widget\" data-e-type=\"widget\" data-widget_type=\"image-box.default\">\n\t\t\t\t<div class=\"elementor-widget-container\">\n\t\t\t\t\t<div class=\"elementor-image-box-wrapper\"><figure class=\"elementor-image-box-img\"><img decoding=\"async\" width=\"1280\" height=\"720\" src=\"https:\/\/www.ib-caddy.com\/\/wp-content\/uploads\/ibcaddy\/\/2021\/12\/razvoj_razvoj.jpg\" class=\"attachment-full size-full wp-image-794\" alt=\"\" srcset=\"https:\/\/www.ib-caddy.com\/\/wp-content\/uploads\/ibcaddy\/2021\/12\/razvoj_razvoj.jpg 1280w, https:\/\/www.ib-caddy.com\/\/wp-content\/uploads\/ibcaddy\/2021\/12\/razvoj_razvoj-300x169.jpg 300w, https:\/\/www.ib-caddy.com\/\/wp-content\/uploads\/ibcaddy\/2021\/12\/razvoj_razvoj-1024x576.jpg 1024w, https:\/\/www.ib-caddy.com\/\/wp-content\/uploads\/ibcaddy\/2021\/12\/razvoj_razvoj-768x432.jpg 768w\" sizes=\"(max-width: 1280px) 100vw, 1280px\" \/><\/figure><div class=\"elementor-image-box-content\"><h4 class=\"elementor-image-box-title\">2. Razvoj izdelka<\/h4><p class=\"elementor-image-box-description\">Po dolo\u010ditvi koncepta sledi detajlno konstruiranje izdelka, kjer dolo\u010dimo kon\u010dno obliko sestavnih delov, izberemo najprimernej\u0161i material ter tehnologije izdelave. V na\u0161i hi\u0161i nam je doma\u010de delo s prostimi povr\u0161inami in nimamo te\u017eav z oblikovanjem kompleksnih povr\u0161in izdelkov. Akumulirane imamo dolgoletne tehnolo\u0161ke izku\u0161enje iz podro\u010dja orodjarsva in proizvodnje, zato vemo, kako oblikovati izdelek in njegove sestavne dele, da minimiziramo mo\u017enost te\u017eav v proizvodnji in da pocenimo za\u010detno investicijo v orodja in pocenimo serijsko proizvodnjo.<\/p><\/div><\/div>\t\t\t\t<\/div>\n\t\t\t\t<\/div>\n\t\t\t\t<div class=\"elementor-element elementor-element-53310b3 elementor-widget-divider--view-line elementor-widget elementor-widget-divider\" data-id=\"53310b3\" data-element_type=\"widget\" data-e-type=\"widget\" data-widget_type=\"divider.default\">\n\t\t\t\t<div class=\"elementor-widget-container\">\n\t\t\t\t\t\t\t<div class=\"elementor-divider\">\n\t\t\t<span class=\"elementor-divider-separator\">\n\t\t\t\t\t\t<\/span>\n\t\t<\/div>\n\t\t\t\t\t\t<\/div>\n\t\t\t\t<\/div>\n\t\t\t\t\t<\/div>\n\t\t<\/div>\n\t\t\t\t\t<\/div>\n\t\t<\/section>\n\t\t\t\t<section class=\"elementor-section elementor-inner-section elementor-element elementor-element-56ebe0c elementor-section-boxed elementor-section-height-default elementor-section-height-default\" data-id=\"56ebe0c\" data-element_type=\"section\" data-e-type=\"section\">\n\t\t\t\t\t\t<div class=\"elementor-container elementor-column-gap-default\">\n\t\t\t\t\t<div class=\"elementor-column elementor-col-100 elementor-inner-column elementor-element elementor-element-b13f556\" data-id=\"b13f556\" data-element_type=\"column\" data-e-type=\"column\">\n\t\t\t<div class=\"elementor-widget-wrap elementor-element-populated\">\n\t\t\t\t\t\t<div class=\"elementor-element elementor-element-30d511a elementor-position-left elementor-vertical-align-middle elementor-widget elementor-widget-image-box\" data-id=\"30d511a\" data-element_type=\"widget\" data-e-type=\"widget\" data-widget_type=\"image-box.default\">\n\t\t\t\t<div class=\"elementor-widget-container\">\n\t\t\t\t\t<div class=\"elementor-image-box-wrapper\"><figure class=\"elementor-image-box-img\"><img decoding=\"async\" width=\"768\" height=\"576\" src=\"https:\/\/www.ib-caddy.com\/\/wp-content\/uploads\/ibcaddy\/\/2021\/12\/razvoj_prototip-768x576.jpg\" class=\"attachment-medium_large size-medium_large wp-image-795\" alt=\"\" srcset=\"https:\/\/www.ib-caddy.com\/\/wp-content\/uploads\/ibcaddy\/2021\/12\/razvoj_prototip-768x576.jpg 768w, https:\/\/www.ib-caddy.com\/\/wp-content\/uploads\/ibcaddy\/2021\/12\/razvoj_prototip-300x225.jpg 300w, https:\/\/www.ib-caddy.com\/\/wp-content\/uploads\/ibcaddy\/2021\/12\/razvoj_prototip-1024x768.jpg 1024w, https:\/\/www.ib-caddy.com\/\/wp-content\/uploads\/ibcaddy\/2021\/12\/razvoj_prototip-1536x1152.jpg 1536w, https:\/\/www.ib-caddy.com\/\/wp-content\/uploads\/ibcaddy\/2021\/12\/razvoj_prototip-2048x1536.jpg 2048w\" sizes=\"(max-width: 768px) 100vw, 768px\" \/><\/figure><div class=\"elementor-image-box-content\"><h4 class=\"elementor-image-box-title\">3. Prototip<\/h4><p class=\"elementor-image-box-description\">Izdelava prototipov je danes samoumevni del razvojnega procesa. Izdelamo prototip izdelka (3D tisk ali pa CNC). Priporo\u010dimo vam tudi najprimernej\u0161o tehnologijo izdelave prototipa glede na funkcionalnost va\u0161ega izdelka.<\/p><\/div><\/div>\t\t\t\t<\/div>\n\t\t\t\t<\/div>\n\t\t\t\t<div class=\"elementor-element elementor-element-2a8709e elementor-widget-divider--view-line elementor-widget elementor-widget-divider\" data-id=\"2a8709e\" data-element_type=\"widget\" data-e-type=\"widget\" data-widget_type=\"divider.default\">\n\t\t\t\t<div class=\"elementor-widget-container\">\n\t\t\t\t\t\t\t<div class=\"elementor-divider\">\n\t\t\t<span class=\"elementor-divider-separator\">\n\t\t\t\t\t\t<\/span>\n\t\t<\/div>\n\t\t\t\t\t\t<\/div>\n\t\t\t\t<\/div>\n\t\t\t\t\t<\/div>\n\t\t<\/div>\n\t\t\t\t\t<\/div>\n\t\t<\/section>\n\t\t\t\t<section class=\"elementor-section elementor-inner-section elementor-element elementor-element-557d7b7 elementor-section-boxed elementor-section-height-default elementor-section-height-default\" data-id=\"557d7b7\" data-element_type=\"section\" data-e-type=\"section\">\n\t\t\t\t\t\t<div class=\"elementor-container elementor-column-gap-default\">\n\t\t\t\t\t<div class=\"elementor-column elementor-col-100 elementor-inner-column elementor-element elementor-element-d7ca2eb\" data-id=\"d7ca2eb\" data-element_type=\"column\" data-e-type=\"column\">\n\t\t\t<div class=\"elementor-widget-wrap elementor-element-populated\">\n\t\t\t\t\t\t<div class=\"elementor-element elementor-element-c103348 elementor-position-left elementor-vertical-align-middle elementor-widget elementor-widget-image-box\" data-id=\"c103348\" data-element_type=\"widget\" data-e-type=\"widget\" data-widget_type=\"image-box.default\">\n\t\t\t\t<div class=\"elementor-widget-container\">\n\t\t\t\t\t<div class=\"elementor-image-box-wrapper\"><figure class=\"elementor-image-box-img\"><img loading=\"lazy\" decoding=\"async\" width=\"512\" height=\"384\" src=\"https:\/\/www.ib-caddy.com\/\/wp-content\/uploads\/ibcaddy\/\/2021\/12\/razvoj_simulacije.jpg\" class=\"attachment-full size-full wp-image-796\" alt=\"\" srcset=\"https:\/\/www.ib-caddy.com\/\/wp-content\/uploads\/ibcaddy\/2021\/12\/razvoj_simulacije.jpg 512w, https:\/\/www.ib-caddy.com\/\/wp-content\/uploads\/ibcaddy\/2021\/12\/razvoj_simulacije-300x225.jpg 300w\" sizes=\"(max-width: 512px) 100vw, 512px\" \/><\/figure><div class=\"elementor-image-box-content\"><h4 class=\"elementor-image-box-title\">4. Simulacije<\/h4><p class=\"elementor-image-box-description\">Pri zahtevnej\u0161ih produktih vam izvedemo tudi slede\u010de simulacije:\ntrdnostne analize\nsimulacije dinamike fluidov (CFD)\nsimulacije prenosa toplote<\/p><\/div><\/div>\t\t\t\t<\/div>\n\t\t\t\t<\/div>\n\t\t\t\t<div class=\"elementor-element elementor-element-8f4e563 elementor-widget-divider--view-line elementor-widget elementor-widget-divider\" data-id=\"8f4e563\" data-element_type=\"widget\" data-e-type=\"widget\" data-widget_type=\"divider.default\">\n\t\t\t\t<div class=\"elementor-widget-container\">\n\t\t\t\t\t\t\t<div class=\"elementor-divider\">\n\t\t\t<span class=\"elementor-divider-separator\">\n\t\t\t\t\t\t<\/span>\n\t\t<\/div>\n\t\t\t\t\t\t<\/div>\n\t\t\t\t<\/div>\n\t\t\t\t\t<\/div>\n\t\t<\/div>\n\t\t\t\t\t<\/div>\n\t\t<\/section>\n\t\t\t\t<section class=\"elementor-section elementor-inner-section elementor-element elementor-element-3c624c6 elementor-section-boxed elementor-section-height-default elementor-section-height-default\" data-id=\"3c624c6\" data-element_type=\"section\" data-e-type=\"section\">\n\t\t\t\t\t\t<div class=\"elementor-container elementor-column-gap-default\">\n\t\t\t\t\t<div class=\"elementor-column elementor-col-100 elementor-inner-column elementor-element elementor-element-e85cda3\" data-id=\"e85cda3\" data-element_type=\"column\" data-e-type=\"column\">\n\t\t\t<div class=\"elementor-widget-wrap elementor-element-populated\">\n\t\t\t\t\t\t<div class=\"elementor-element elementor-element-ab496af elementor-position-left elementor-vertical-align-middle elementor-widget elementor-widget-image-box\" data-id=\"ab496af\" data-element_type=\"widget\" data-e-type=\"widget\" data-widget_type=\"image-box.default\">\n\t\t\t\t<div class=\"elementor-widget-container\">\n\t\t\t\t\t<div class=\"elementor-image-box-wrapper\"><figure class=\"elementor-image-box-img\"><img loading=\"lazy\" decoding=\"async\" width=\"748\" height=\"421\" src=\"https:\/\/www.ib-caddy.com\/\/wp-content\/uploads\/ibcaddy\/\/2021\/12\/razvoj_vizualizacija.jpg\" class=\"attachment-full size-full wp-image-797\" alt=\"\" srcset=\"https:\/\/www.ib-caddy.com\/\/wp-content\/uploads\/ibcaddy\/2021\/12\/razvoj_vizualizacija.jpg 748w, https:\/\/www.ib-caddy.com\/\/wp-content\/uploads\/ibcaddy\/2021\/12\/razvoj_vizualizacija-300x169.jpg 300w\" sizes=\"(max-width: 748px) 100vw, 748px\" \/><\/figure><div class=\"elementor-image-box-content\"><h4 class=\"elementor-image-box-title\">5. Vizualizacija<\/h4><p class=\"elementor-image-box-description\">Bodo\u010di izdelak lahko tudi fotorealisti\u010dno vizualiziramo (renderiramo). Tako lahko uporabnik dobi realno predstavo kako bo izdelek izgledal kasneje v praksi.<\/p><\/div><\/div>\t\t\t\t<\/div>\n\t\t\t\t<\/div>\n\t\t\t\t\t<\/div>\n\t\t<\/div>\n\t\t\t\t\t<\/div>\n\t\t<\/section>\n\t\t\t\t\t<\/div>\n\t\t<\/div>\n\t\t\t\t\t<\/div>\n\t\t<\/section>\n\t\t\t\t<\/div>\n\t\t","protected":false},"excerpt":{"rendered":"<p>RAZVOJ Podjetje IB-CADDY d.o.o. nudi tudi usluge na podro\u010dju razvoja. Podjetje IB-CADDY d.o.o. nudi tudi usluge na podro\u010dju razvoja. V podjetju IB-CADDY se ukvarjamo tudi z razvojem izdelkov, tako kompleksnih sestavov kot posameznih sestavnih delov. Prednost na\u0161e storitve je ta, da razvojnik in konstruker orodja delata z roko v roki, kar rezultira v tehnolo\u0161ko optimiranem [&hellip;]<\/p>\n","protected":false},"author":11,"featured_media":0,"parent":0,"menu_order":0,"comment_status":"closed","ping_status":"closed","template":"","meta":{"footnotes":""},"class_list":["post-781","page","type-page","status-publish","hentry"],"_links":{"self":[{"href":"https:\/\/www.ib-caddy.com\/sl\/wp-json\/wp\/v2\/pages\/781","targetHints":{"allow":["GET"]}}],"collection":[{"href":"https:\/\/www.ib-caddy.com\/sl\/wp-json\/wp\/v2\/pages"}],"about":[{"href":"https:\/\/www.ib-caddy.com\/sl\/wp-json\/wp\/v2\/types\/page"}],"author":[{"embeddable":true,"href":"https:\/\/www.ib-caddy.com\/sl\/wp-json\/wp\/v2\/users\/11"}],"replies":[{"embeddable":true,"href":"https:\/\/www.ib-caddy.com\/sl\/wp-json\/wp\/v2\/comments?post=781"}],"version-history":[{"count":20,"href":"https:\/\/www.ib-caddy.com\/sl\/wp-json\/wp\/v2\/pages\/781\/revisions"}],"predecessor-version":[{"id":6315,"href":"https:\/\/www.ib-caddy.com\/sl\/wp-json\/wp\/v2\/pages\/781\/revisions\/6315"}],"wp:attachment":[{"href":"https:\/\/www.ib-caddy.com\/sl\/wp-json\/wp\/v2\/media?parent=781"}],"curies":[{"name":"wp","href":"https:\/\/api.w.org\/{rel}","templated":true}]}}