{"id":903,"date":"2021-12-17T14:41:07","date_gmt":"2021-12-17T14:41:07","guid":{"rendered":"https:\/\/www.ib-caddy.com\/ibwp-ibcaddy-dev\/?page_id=903"},"modified":"2021-12-17T14:52:59","modified_gmt":"2021-12-17T14:52:59","slug":"data-security","status":"publish","type":"page","link":"https:\/\/www.ib-caddy.com\/sl\/data-security\/","title":{"rendered":"Data security"},"content":{"rendered":"\t\t<div data-elementor-type=\"wp-page\" data-elementor-id=\"903\" class=\"elementor elementor-903\" data-elementor-settings=\"{&quot;ha_cmc_init_switcher&quot;:&quot;no&quot;}\" data-elementor-post-type=\"page\">\n\t\t\t\t\t\t<section class=\"elementor-section elementor-top-section elementor-element elementor-element-e78a355 elementor-section-boxed elementor-section-height-default elementor-section-height-default\" data-id=\"e78a355\" data-element_type=\"section\" data-e-type=\"section\" data-settings=\"{&quot;background_background&quot;:&quot;classic&quot;}\">\n\t\t\t\t\t\t\t<div class=\"elementor-background-overlay\"><\/div>\n\t\t\t\t\t\t\t<div class=\"elementor-container elementor-column-gap-default\">\n\t\t\t\t\t<div class=\"elementor-column elementor-col-100 elementor-top-column elementor-element elementor-element-f505dcc\" data-id=\"f505dcc\" data-element_type=\"column\" data-e-type=\"column\">\n\t\t\t<div class=\"elementor-widget-wrap elementor-element-populated\">\n\t\t\t\t\t\t<div class=\"elementor-element elementor-element-57bbe88 elementor-widget elementor-widget-spacer\" data-id=\"57bbe88\" data-element_type=\"widget\" data-e-type=\"widget\" data-widget_type=\"spacer.default\">\n\t\t\t\t<div class=\"elementor-widget-container\">\n\t\t\t\t\t\t\t<div class=\"elementor-spacer\">\n\t\t\t<div class=\"elementor-spacer-inner\"><\/div>\n\t\t<\/div>\n\t\t\t\t\t\t<\/div>\n\t\t\t\t<\/div>\n\t\t\t\t<div class=\"elementor-element elementor-element-65d2918 elementor-widget__width-auto elementor-widget elementor-widget-heading\" data-id=\"65d2918\" data-element_type=\"widget\" data-e-type=\"widget\" data-widget_type=\"heading.default\">\n\t\t\t\t<div class=\"elementor-widget-container\">\n\t\t\t\t\t<h2 class=\"elementor-heading-title elementor-size-default\">VARNOST PODATKOV<\/h2>\t\t\t\t<\/div>\n\t\t\t\t<\/div>\n\t\t\t\t<div class=\"elementor-element elementor-element-64f304a elementor-widget elementor-widget-spacer\" data-id=\"64f304a\" data-element_type=\"widget\" data-e-type=\"widget\" data-widget_type=\"spacer.default\">\n\t\t\t\t<div class=\"elementor-widget-container\">\n\t\t\t\t\t\t\t<div class=\"elementor-spacer\">\n\t\t\t<div class=\"elementor-spacer-inner\"><\/div>\n\t\t<\/div>\n\t\t\t\t\t\t<\/div>\n\t\t\t\t<\/div>\n\t\t\t\t<div class=\"elementor-element elementor-element-94b2cc5 elementor-widget elementor-widget-spacer\" data-id=\"94b2cc5\" data-element_type=\"widget\" data-e-type=\"widget\" data-widget_type=\"spacer.default\">\n\t\t\t\t<div class=\"elementor-widget-container\">\n\t\t\t\t\t\t\t<div class=\"elementor-spacer\">\n\t\t\t<div class=\"elementor-spacer-inner\"><\/div>\n\t\t<\/div>\n\t\t\t\t\t\t<\/div>\n\t\t\t\t<\/div>\n\t\t\t\t\t<\/div>\n\t\t<\/div>\n\t\t\t\t\t<\/div>\n\t\t<\/section>\n\t\t\t\t<section class=\"elementor-section elementor-top-section elementor-element elementor-element-f0ec04c elementor-section-boxed elementor-section-height-default elementor-section-height-default\" data-id=\"f0ec04c\" data-element_type=\"section\" data-e-type=\"section\">\n\t\t\t\t\t\t<div class=\"elementor-container elementor-column-gap-default\">\n\t\t\t\t\t<div class=\"elementor-column elementor-col-100 elementor-top-column elementor-element elementor-element-f868261\" data-id=\"f868261\" data-element_type=\"column\" data-e-type=\"column\">\n\t\t\t<div class=\"elementor-widget-wrap elementor-element-populated\">\n\t\t\t\t\t\t<div class=\"elementor-element elementor-element-a2a9135 elementor-widget elementor-widget-spacer\" data-id=\"a2a9135\" data-element_type=\"widget\" data-e-type=\"widget\" data-widget_type=\"spacer.default\">\n\t\t\t\t<div class=\"elementor-widget-container\">\n\t\t\t\t\t\t\t<div class=\"elementor-spacer\">\n\t\t\t<div class=\"elementor-spacer-inner\"><\/div>\n\t\t<\/div>\n\t\t\t\t\t\t<\/div>\n\t\t\t\t<\/div>\n\t\t\t\t<div class=\"elementor-element elementor-element-3c250cc elementor-widget elementor-widget-text-editor\" data-id=\"3c250cc\" data-element_type=\"widget\" data-e-type=\"widget\" data-widget_type=\"text-editor.default\">\n\t\t\t\t<div class=\"elementor-widget-container\">\n\t\t\t\t\t\t\t\t\t<p>Podjetje <strong>IB-CADDY d.o.o.<\/strong>, mati\u010dna \u0161t.: 5526191000 (v nadaljevanju samo kot \u00bbmi\u00ab) se zavedamo se pomembnosti varstva osebnih podatkov, predvsem zato, ker jih uporabljamo za zagotavljanje ustreznej\u0161ih storitev in informacij na\u0161im obiskovalcem. Uredba GDPR, ki jo je sprejela Evropska unija, narekuje visoke standarde, ki dolo\u010dajo, kako se va\u0161i podatki zbirajo, hranijo, vam omogo\u010da vpogled vanje in zahtevo za izbris ter \u0161e veliko ve\u010d. V skladu z zakonodajo in na\u0161im zavedanjem pomembnosti tega podro\u010dja smo pripravili pojasnila o varnosti va\u0161ih podatkov in pravicah, ki jih imate kot lastnik podatkov. Pred podajo privolitve za zbiranje ali obdelavo va\u0161ih osebnih podatkov zato to pojasnilo skrbno preberite.<\/p><p>Zavezujemo se, da bomo vse zbrane podatke obdelovali zgolj v okviru na\u0161tetih namenov upravljanja oz. obdelave osebnih podatkov ter v skladu z Zakonom o varstvu osebnih podatkov ter drugo zadevno podro\u010dno zakonodajo kot tudi skladno z Uredbo (EU) 2016\/679 o varstvu posameznikov pri obdelavi osebnih podatkov (GDPR).<\/p>\t\t\t\t\t\t\t\t<\/div>\n\t\t\t\t<\/div>\n\t\t\t\t\t<\/div>\n\t\t<\/div>\n\t\t\t\t\t<\/div>\n\t\t<\/section>\n\t\t\t\t<section class=\"elementor-section elementor-top-section elementor-element elementor-element-b5c0a45 elementor-section-boxed elementor-section-height-default elementor-section-height-default\" data-id=\"b5c0a45\" data-element_type=\"section\" data-e-type=\"section\">\n\t\t\t\t\t\t<div class=\"elementor-container elementor-column-gap-default\">\n\t\t\t\t\t<div class=\"elementor-column elementor-col-100 elementor-top-column elementor-element elementor-element-565c09b\" data-id=\"565c09b\" data-element_type=\"column\" data-e-type=\"column\">\n\t\t\t<div class=\"elementor-widget-wrap elementor-element-populated\">\n\t\t\t\t\t\t<div class=\"elementor-element elementor-element-9dc200f elementor-widget elementor-widget-toggle\" data-id=\"9dc200f\" data-element_type=\"widget\" data-e-type=\"widget\" data-widget_type=\"toggle.default\">\n\t\t\t\t<div class=\"elementor-widget-container\">\n\t\t\t\t\t\t\t<div class=\"elementor-toggle\">\n\t\t\t\t\t\t\t<div class=\"elementor-toggle-item\">\n\t\t\t\t\t<div id=\"elementor-tab-title-1651\" class=\"elementor-tab-title\" data-tab=\"1\" role=\"button\" aria-controls=\"elementor-tab-content-1651\" aria-expanded=\"false\">\n\t\t\t\t\t\t\t\t\t\t\t\t<span class=\"elementor-toggle-icon elementor-toggle-icon-left\" aria-hidden=\"true\">\n\t\t\t\t\t\t\t\t\t\t\t\t\t\t\t<span class=\"elementor-toggle-icon-closed\"><i class=\"fas fa-caret-right\"><\/i><\/span>\n\t\t\t\t\t\t\t\t<span class=\"elementor-toggle-icon-opened\"><i class=\"elementor-toggle-icon-opened fas fa-caret-up\"><\/i><\/span>\n\t\t\t\t\t\t\t\t\t\t\t\t\t<\/span>\n\t\t\t\t\t\t\t\t\t\t\t\t<a class=\"elementor-toggle-title\" tabindex=\"0\">KAJ SO OSEBNI PODATKI<\/a>\n\t\t\t\t\t<\/div>\n\n\t\t\t\t\t<div id=\"elementor-tab-content-1651\" class=\"elementor-tab-content elementor-clearfix\" data-tab=\"1\" role=\"region\" aria-labelledby=\"elementor-tab-title-1651\"><p>Osebni podatki so kateri koli podatki, ki se nana\u0161ajo na dolo\u010deno fizi\u010dno osebo, torej posameznika, na glede na obliko, v kateri so izra\u017eeni. Gre za podatke, na podlagi katerih vas je mogo\u010de identificirati: ime, priimek, elektronski naslov, itd.<\/p><p>Upravljavec osebnih podatkov na spletnih mestnih ib-caddy.com ter ib-caddy.si je podjetje IB-CADDY d.o.o., Dunajska cesta 106, 1000 Ljubljana.<\/p><\/div>\n\t\t\t\t<\/div>\n\t\t\t\t\t\t\t<div class=\"elementor-toggle-item\">\n\t\t\t\t\t<div id=\"elementor-tab-title-1652\" class=\"elementor-tab-title\" data-tab=\"2\" role=\"button\" aria-controls=\"elementor-tab-content-1652\" aria-expanded=\"false\">\n\t\t\t\t\t\t\t\t\t\t\t\t<span class=\"elementor-toggle-icon elementor-toggle-icon-left\" aria-hidden=\"true\">\n\t\t\t\t\t\t\t\t\t\t\t\t\t\t\t<span class=\"elementor-toggle-icon-closed\"><i class=\"fas fa-caret-right\"><\/i><\/span>\n\t\t\t\t\t\t\t\t<span class=\"elementor-toggle-icon-opened\"><i class=\"elementor-toggle-icon-opened fas fa-caret-up\"><\/i><\/span>\n\t\t\t\t\t\t\t\t\t\t\t\t\t<\/span>\n\t\t\t\t\t\t\t\t\t\t\t\t<a class=\"elementor-toggle-title\" tabindex=\"0\">KJE HRANIMO VA\u0160E OSEBNE PODATKE IN ZA KOLIKO \u010cASA<\/a>\n\t\t\t\t\t<\/div>\n\n\t\t\t\t\t<div id=\"elementor-tab-content-1652\" class=\"elementor-tab-content elementor-clearfix\" data-tab=\"2\" role=\"region\" aria-labelledby=\"elementor-tab-title-1652\"><div id=\"header-2\" class=\"panel-heading\" role=\"tab\"><p class=\"panel-title\">Osebni podatki, ki nam jih digitalno posredujete, se shranjujejo na najetih stre\u017enikih pri ponudniku gostovanja, lahko pa tudi pri podjetjih, katerih orodja uporabljamo. Na primer, ponudnik orodja za e-po\u0161tno komunikacijo hrani podatke o naslovnikih. Zbrane osebne podatke hranimo do trenutka, ko nam sporo\u010dite, da ne sogla\u0161ate ve\u010d s hranjenjem in obdelavo osebnih podatkov oz. najve\u010d toliko \u010dasa, kolikor je potrebno, da se dose\u017ee namen, za katerega se obdelujejo, ali da zadovoljimo zakonske zahteve.<\/p><\/div><\/div>\n\t\t\t\t<\/div>\n\t\t\t\t\t\t\t<div class=\"elementor-toggle-item\">\n\t\t\t\t\t<div id=\"elementor-tab-title-1653\" class=\"elementor-tab-title\" data-tab=\"3\" role=\"button\" aria-controls=\"elementor-tab-content-1653\" aria-expanded=\"false\">\n\t\t\t\t\t\t\t\t\t\t\t\t<span class=\"elementor-toggle-icon elementor-toggle-icon-left\" aria-hidden=\"true\">\n\t\t\t\t\t\t\t\t\t\t\t\t\t\t\t<span class=\"elementor-toggle-icon-closed\"><i class=\"fas fa-caret-right\"><\/i><\/span>\n\t\t\t\t\t\t\t\t<span class=\"elementor-toggle-icon-opened\"><i class=\"elementor-toggle-icon-opened fas fa-caret-up\"><\/i><\/span>\n\t\t\t\t\t\t\t\t\t\t\t\t\t<\/span>\n\t\t\t\t\t\t\t\t\t\t\t\t<a class=\"elementor-toggle-title\" tabindex=\"0\">ZBIRANJE, OBDELAVA IN UPORABA OSEBNIH PODATKOV<\/a>\n\t\t\t\t\t<\/div>\n\n\t\t\t\t\t<div id=\"elementor-tab-content-1653\" class=\"elementor-tab-content elementor-clearfix\" data-tab=\"3\" role=\"region\" aria-labelledby=\"elementor-tab-title-1653\"><div id=\"header-2\" class=\"panel-heading\" role=\"tab\"><div id=\"header-3\" class=\"panel-heading\" role=\"tab\"><p class=\"panel-title\">Va\u0161e osebne podatke zbiramo, z njimi upravljamo in obdelujemo le za zakonsko dolo\u010dene namene ali na podlagi va\u0161ega izrecnega soglasja. Podatki, zbrani s soglasjem, so v prvi vrsti namenjeni komunikaciji z vami in izbolj\u0161anju storitev. Zavezujemo se, da va\u0161ih osebnih podatkov ne bomo posodili ali prodali tretji osebi brez predhodnega obvestila in pridobitve va\u0161ega izrecnega pisnega soglasja.<\/p><\/div><\/div><\/div>\n\t\t\t\t<\/div>\n\t\t\t\t\t\t\t<div class=\"elementor-toggle-item\">\n\t\t\t\t\t<div id=\"elementor-tab-title-1654\" class=\"elementor-tab-title\" data-tab=\"4\" role=\"button\" aria-controls=\"elementor-tab-content-1654\" aria-expanded=\"false\">\n\t\t\t\t\t\t\t\t\t\t\t\t<span class=\"elementor-toggle-icon elementor-toggle-icon-left\" aria-hidden=\"true\">\n\t\t\t\t\t\t\t\t\t\t\t\t\t\t\t<span class=\"elementor-toggle-icon-closed\"><i class=\"fas fa-caret-right\"><\/i><\/span>\n\t\t\t\t\t\t\t\t<span class=\"elementor-toggle-icon-opened\"><i class=\"elementor-toggle-icon-opened fas fa-caret-up\"><\/i><\/span>\n\t\t\t\t\t\t\t\t\t\t\t\t\t<\/span>\n\t\t\t\t\t\t\t\t\t\t\t\t<a class=\"elementor-toggle-title\" tabindex=\"0\">PREKLIC SOGLASJA ZA OBDELAVO OSEBNIH PODATKOV<\/a>\n\t\t\t\t\t<\/div>\n\n\t\t\t\t\t<div id=\"elementor-tab-content-1654\" class=\"elementor-tab-content elementor-clearfix\" data-tab=\"4\" role=\"region\" aria-labelledby=\"elementor-tab-title-1654\"><div id=\"header-2\" class=\"panel-heading\" role=\"tab\"><div id=\"header-3\" class=\"panel-heading\" role=\"tab\"><div id=\"header-4\" class=\"panel-heading\" role=\"tab\"><p class=\"panel-title\">Kadar koli imate pravico preklicati dano soglasje za obdelavo osebnih podatkov. Prekli\u010dete lahko pravico za posamezen namen ali za vse namene obdelave osebnih podatkov, s katerimi ste sogla\u0161ali.<\/p><\/div><div id=\"collapse-4\" class=\"panel-collapse collapse in\" role=\"tabpanel\" aria-labelledby=\"header-4\" aria-expanded=\"true\"><div class=\"panel-body\"><p>Pisno izjavo za preklic soglasja za obdelavo osebnih podatkov po\u0161ljite na naslov: IB-CADDY d.o.o., Dunajska cesta 106, 1000 Ljubljana ali na elektronski naslov: info@ib-caddy.com.<\/p><p>V primeru preklica soglasja za zbiranje ali obdelavo osebnih podatkov bodo vsi zbrani osebni podatki, na katere se bo nana\u0161ala zahteva za izbris, izbrisani ali izvzeti iz samodejne obdelave.<\/p><p>Preklic soglasja za obdelavo osebnih podatkov ne vpliva na zakonitost obdelave osebnih podatkov v zvezi z vami do va\u0161ega preklica ter uporabo teh osebnih podatkov za zakonsko dolo\u010dene namene.<\/p><\/div><\/div><\/div><\/div><\/div>\n\t\t\t\t<\/div>\n\t\t\t\t\t\t\t<div class=\"elementor-toggle-item\">\n\t\t\t\t\t<div id=\"elementor-tab-title-1655\" class=\"elementor-tab-title\" data-tab=\"5\" role=\"button\" aria-controls=\"elementor-tab-content-1655\" aria-expanded=\"false\">\n\t\t\t\t\t\t\t\t\t\t\t\t<span class=\"elementor-toggle-icon elementor-toggle-icon-left\" aria-hidden=\"true\">\n\t\t\t\t\t\t\t\t\t\t\t\t\t\t\t<span class=\"elementor-toggle-icon-closed\"><i class=\"fas fa-caret-right\"><\/i><\/span>\n\t\t\t\t\t\t\t\t<span class=\"elementor-toggle-icon-opened\"><i class=\"elementor-toggle-icon-opened fas fa-caret-up\"><\/i><\/span>\n\t\t\t\t\t\t\t\t\t\t\t\t\t<\/span>\n\t\t\t\t\t\t\t\t\t\t\t\t<a class=\"elementor-toggle-title\" tabindex=\"0\">VA\u0160E PRAVICE NA PODRO\u010cJU VARSTVA OSEBNIH PODATKOV<\/a>\n\t\t\t\t\t<\/div>\n\n\t\t\t\t\t<div id=\"elementor-tab-content-1655\" class=\"elementor-tab-content elementor-clearfix\" data-tab=\"5\" role=\"region\" aria-labelledby=\"elementor-tab-title-1655\"><div id=\"header-2\" class=\"panel-heading\" role=\"tab\"><div id=\"header-3\" class=\"panel-heading\" role=\"tab\"><div id=\"header-4\" class=\"panel-heading\" role=\"tab\"><div id=\"header-5\" class=\"panel-heading\" role=\"tab\"><p class=\"panel-title\"><strong>Pravica do izbrisa\/pozabe<\/strong><\/p><\/div><div id=\"collapse-5\" class=\"panel-collapse collapse in\" role=\"tabpanel\" aria-labelledby=\"header-5\" aria-expanded=\"true\"><div class=\"panel-body\"><p>Kadar koli imate pravico zahtevati, da upravljavec popravi oziroma dopolni neto\u010dne oziroma pomanjkljive osebne podatke v zvezi z vami.<br \/>Kadar koli lahko zahtevate vpogled v podatke, ki jih je upravljavec o vas zbral, ali takoj\u0161en izbris svojih osebnih podatkov.<br \/>V primeru popravka, dopolnitve ali izbrisa osebnih podatkov vas moramo o popravku, dopolnitvi ali izbrisu brez odla\u0161anja obvestiti.<\/p><br \/><p><strong>Pravica do omejitve obdelave osebnih podatkov.<\/strong><\/p><p>Kadar koli imate pravico zahtevati, da omejimo obdelavo va\u0161ih osebnih podatkov v primeru njihove neto\u010dnosti, nezakonitosti, prenehanja namena obdelave ali vlo\u017eitve ugovora.<\/p><br \/><p><strong>Pravica do prenosljivosti va\u0161ih podatkov<\/strong><\/p><p>Kadar koli imate pravico zahtevati, da vam posredujemo osebne podatke, ki jih obdelujemo v zvezi z vami.<br \/>Kadar koli imate pravico zahtevati, da osebne podatke, ki jih obdelujemo v zvezi z vami, posredujemo drugemu upravljavcu.<\/p><br \/><p><strong>Pravica do ugovora<\/strong><\/p><p>Vsaka uporaba va\u0161ih osebnih podatkov za namene informativnega ali promocijskega obve\u0161\u010danja zahteva va\u0161o izrecno privolitev. V primeru, ko na podlagi privolitve prejemate informativne ali komercialne promocijske vsebine, lahko kadar koli pisno zahtevate prenehanje uporabe svojih podatkov v ta namen.<\/p><br \/><p><strong>Pravica do dostopa do osebnih podatkov v zvezi z vami<\/strong><\/p><p>Kadar koli imate pravico dobiti potrditev, ali se v zvezi z vami obdelujejo osebni podatki in dostop do osebnih podatkov v zvezi z vami in naslednje informacije: namen obdelave podatkov, vrsto osebnih podatkov v zvezi z vami, uporabnike va\u0161ih osebnih podatkov, predvideno obdobje hrambe osebnih podatkov, vir osebnih podatkov.<\/p><\/div><\/div><\/div><\/div><\/div><\/div>\n\t\t\t\t<\/div>\n\t\t\t\t\t\t\t<div class=\"elementor-toggle-item\">\n\t\t\t\t\t<div id=\"elementor-tab-title-1656\" class=\"elementor-tab-title\" data-tab=\"6\" role=\"button\" aria-controls=\"elementor-tab-content-1656\" aria-expanded=\"false\">\n\t\t\t\t\t\t\t\t\t\t\t\t<span class=\"elementor-toggle-icon elementor-toggle-icon-left\" aria-hidden=\"true\">\n\t\t\t\t\t\t\t\t\t\t\t\t\t\t\t<span class=\"elementor-toggle-icon-closed\"><i class=\"fas fa-caret-right\"><\/i><\/span>\n\t\t\t\t\t\t\t\t<span class=\"elementor-toggle-icon-opened\"><i class=\"elementor-toggle-icon-opened fas fa-caret-up\"><\/i><\/span>\n\t\t\t\t\t\t\t\t\t\t\t\t\t<\/span>\n\t\t\t\t\t\t\t\t\t\t\t\t<a class=\"elementor-toggle-title\" tabindex=\"0\">OGRO\u017dENOST VARSTVA OSEBNIH PODATKOV<\/a>\n\t\t\t\t\t<\/div>\n\n\t\t\t\t\t<div id=\"elementor-tab-content-1656\" class=\"elementor-tab-content elementor-clearfix\" data-tab=\"6\" role=\"region\" aria-labelledby=\"elementor-tab-title-1656\"><div id=\"header-2\" class=\"panel-heading\" role=\"tab\"><div id=\"header-3\" class=\"panel-heading\" role=\"tab\"><div id=\"header-4\" class=\"panel-heading\" role=\"tab\"><div id=\"header-5\" class=\"panel-heading\" role=\"tab\"><div id=\"header-6\" class=\"panel-heading\" role=\"tab\"><p class=\"panel-title\">V primeru ogro\u017eenosti varstva osebnih podatkov bomo brez nepotrebnega odla\u0161anja, najkasneje pa v 72 urah po seznanitvi z ogro\u017eenostjo varstva va\u0161ih osebnih podatkov o njej obvestili pristojni organ.<\/p><\/div><\/div><\/div><\/div><\/div><\/div>\n\t\t\t\t<\/div>\n\t\t\t\t\t\t\t\t<\/div>\n\t\t\t\t\t\t<\/div>\n\t\t\t\t<\/div>\n\t\t\t\t<div class=\"elementor-element elementor-element-fc71ade elementor-widget elementor-widget-spacer\" data-id=\"fc71ade\" data-element_type=\"widget\" data-e-type=\"widget\" data-widget_type=\"spacer.default\">\n\t\t\t\t<div class=\"elementor-widget-container\">\n\t\t\t\t\t\t\t<div class=\"elementor-spacer\">\n\t\t\t<div class=\"elementor-spacer-inner\"><\/div>\n\t\t<\/div>\n\t\t\t\t\t\t<\/div>\n\t\t\t\t<\/div>\n\t\t\t\t\t<\/div>\n\t\t<\/div>\n\t\t\t\t\t<\/div>\n\t\t<\/section>\n\t\t\t\t<\/div>\n\t\t","protected":false},"excerpt":{"rendered":"<p>VARNOST PODATKOV Podjetje IB-CADDY d.o.o., mati\u010dna \u0161t.: 5526191000 (v nadaljevanju samo kot \u00bbmi\u00ab) se zavedamo se pomembnosti varstva osebnih podatkov, predvsem zato, ker jih uporabljamo za zagotavljanje ustreznej\u0161ih storitev in informacij na\u0161im obiskovalcem. Uredba GDPR, ki jo je sprejela Evropska unija, narekuje visoke standarde, ki dolo\u010dajo, kako se va\u0161i podatki zbirajo, hranijo, vam omogo\u010da vpogled [&hellip;]<\/p>\n","protected":false},"author":11,"featured_media":0,"parent":0,"menu_order":0,"comment_status":"closed","ping_status":"closed","template":"","meta":{"footnotes":""},"class_list":["post-903","page","type-page","status-publish","hentry"],"_links":{"self":[{"href":"https:\/\/www.ib-caddy.com\/sl\/wp-json\/wp\/v2\/pages\/903","targetHints":{"allow":["GET"]}}],"collection":[{"href":"https:\/\/www.ib-caddy.com\/sl\/wp-json\/wp\/v2\/pages"}],"about":[{"href":"https:\/\/www.ib-caddy.com\/sl\/wp-json\/wp\/v2\/types\/page"}],"author":[{"embeddable":true,"href":"https:\/\/www.ib-caddy.com\/sl\/wp-json\/wp\/v2\/users\/11"}],"replies":[{"embeddable":true,"href":"https:\/\/www.ib-caddy.com\/sl\/wp-json\/wp\/v2\/comments?post=903"}],"version-history":[{"count":4,"href":"https:\/\/www.ib-caddy.com\/sl\/wp-json\/wp\/v2\/pages\/903\/revisions"}],"predecessor-version":[{"id":912,"href":"https:\/\/www.ib-caddy.com\/sl\/wp-json\/wp\/v2\/pages\/903\/revisions\/912"}],"wp:attachment":[{"href":"https:\/\/www.ib-caddy.com\/sl\/wp-json\/wp\/v2\/media?parent=903"}],"curies":[{"name":"wp","href":"https:\/\/api.w.org\/{rel}","templated":true}]}}